{"id":2392,"date":"2025-08-13T00:52:20","date_gmt":"2025-08-13T00:52:20","guid":{"rendered":"https:\/\/www.vlaknapameti.cz\/?page_id=2392"},"modified":"2025-09-12T19:19:54","modified_gmt":"2025-09-12T19:19:54","slug":"im_anna-sokolova","status":"publish","type":"page","link":"https:\/\/www.vlaknapameti.cz\/?page_id=2392","title":{"rendered":"IM: Anna Sokolov\u00e1"},"content":{"rendered":"<h2>Anna Sokolov\u00e1<\/h2>\n<p><em>(polo\u017eka interaktivn\u00ed mapy s v\u00edcero reprodukcemi)<\/em><\/p>\n<p>Anna Sokolov\u00e1 (1890) z\u00a0Rybn\u00e9 nad Zdobnic\u00ed (\u010d.p. 165) nav\u0161t\u011bvovala krajk\u00e1\u0159sk\u00fd kurz v\u00a0Rybn\u00e9 nad Zdobnic\u00ed. Pracovala pro pana Mat\u011bj\u010dka z\u00a0Rybn\u00e9 nad Zdobnic\u00ed a pro vambereck\u00e9 obchodn\u00edky Anton\u00edna Koblice a Mertu. Zhotovovala krajky podle n\u00e1vrh\u016f jedn\u00e9 ze zakladatelek modern\u00ed \u010desk\u00e9 krajky a n\u00e1rodopisn\u00e9 pracovnice Marie Sedl\u00e1\u010dkov\u00e9-Serbouskov\u00e9 z\u00a0Javornice. Tvorba krajek navr\u017een\u00fdch Mari\u00ed Sedl\u00e1\u010dkovou byla n\u00e1ro\u010dn\u00e1, nebo\u0165 se jednalo o origin\u00e1ln\u00ed p\u0159edlohy, kter\u00e9 Sedl\u00e1\u010dkov\u00e1 nav\u00edc mnohdy v\u00a0pr\u016fb\u011bhu realizace upravovala nebo m\u011bnila. Ann\u011b Sokolov\u00e9 pom\u00e1hala p\u0159i n\u00e1ro\u010dn\u00e9 pr\u00e1ci p\u0159\u00edbuzn\u00e1, krajk\u00e1\u0159ka Vlasta Marie Sokolov\u00e1 (1912)<\/p>\n<figure id=\"attachment_2166\" aria-describedby=\"caption-attachment-2166\" style=\"width: 800px\" class=\"wp-caption alignleft\"><img loading=\"lazy\" decoding=\"async\" class=\" wp-image-2166\" src=\"https:\/\/www.vlaknapameti.cz\/wp-content\/uploads\/1325v-809x1024.jpg\" alt=\"K\u0159estn\u00ed souprava pro rodinu Josefa Barton\u011b z Doben\u00edna, pr\u016fmysln\u00edka a velkostatk\u00e1\u0159e z Nov\u00e9ho M\u011bsta nad Metuj\u00ed, n\u00e1vrh Marie Sedl\u00e1\u010dkov\u00e1-Serbouskov\u00e1,\u00a0realizace krajek Anna Sokolov\u00e1, 1925\" width=\"800\" height=\"1013\" srcset=\"https:\/\/www.vlaknapameti.cz\/wp-content\/uploads\/1325v-809x1024.jpg 809w, https:\/\/www.vlaknapameti.cz\/wp-content\/uploads\/1325v-237x300.jpg 237w, https:\/\/www.vlaknapameti.cz\/wp-content\/uploads\/1325v-768x972.jpg 768w, https:\/\/www.vlaknapameti.cz\/wp-content\/uploads\/1325v.jpg 1200w\" sizes=\"auto, (max-width: 800px) 100vw, 800px\" \/><figcaption id=\"caption-attachment-2166\" class=\"wp-caption-text\">K\u0159estn\u00ed souprava pro rodinu Josefa Barton\u011b z Doben\u00edna, pr\u016fmysln\u00edka a velkostatk\u00e1\u0159e z Nov\u00e9ho M\u011bsta nad Metuj\u00ed, n\u00e1vrh Marie Sedl\u00e1\u010dkov\u00e1-Serbouskov\u00e1,\u00a0realizace krajek Anna Sokolov\u00e1, 1925<\/figcaption><\/figure>\n<figure id=\"attachment_2167\" aria-describedby=\"caption-attachment-2167\" style=\"width: 799px\" class=\"wp-caption alignleft\"><img loading=\"lazy\" decoding=\"async\" class=\" wp-image-2167\" src=\"https:\/\/www.vlaknapameti.cz\/wp-content\/uploads\/1325va-700x1024.jpg\" alt=\"Z\u00a0n\u00e1vrh\u016f kruhov\u00e9ho ubrusu Marie Sedl\u00e1\u010dkov\u00e1-Serbouskov\u00e9,\u00a0 p\u0159ipraveno k realizaci\u00a0 Annou Sokolovou, nedatov\u00e1no\" width=\"799\" height=\"1169\" srcset=\"https:\/\/www.vlaknapameti.cz\/wp-content\/uploads\/1325va-700x1024.jpg 700w, https:\/\/www.vlaknapameti.cz\/wp-content\/uploads\/1325va-205x300.jpg 205w, https:\/\/www.vlaknapameti.cz\/wp-content\/uploads\/1325va-768x1123.jpg 768w, https:\/\/www.vlaknapameti.cz\/wp-content\/uploads\/1325va-1050x1536.jpg 1050w, https:\/\/www.vlaknapameti.cz\/wp-content\/uploads\/1325va.jpg 1200w\" sizes=\"auto, (max-width: 799px) 100vw, 799px\" \/><figcaption id=\"caption-attachment-2167\" class=\"wp-caption-text\">Z\u00a0n\u00e1vrh\u016f kruhov\u00e9ho ubrusu Marie Sedl\u00e1\u010dkov\u00e1-Serbouskov\u00e9,\u00a0 p\u0159ipraveno k realizaci\u00a0 Annou Sokolovou, nedatov\u00e1no<\/figcaption><\/figure>\n<figure id=\"attachment_2168\" aria-describedby=\"caption-attachment-2168\" style=\"width: 800px\" class=\"wp-caption alignleft\"><img loading=\"lazy\" decoding=\"async\" class=\"size-large wp-image-2168\" src=\"https:\/\/www.vlaknapameti.cz\/wp-content\/uploads\/1325vb-1024x432.jpg\" alt=\"N\u00e1vrh kosteln\u00ed kajky Marie Sedl\u00e1\u010dkov\u00e1-Serbouskov\u00e9, p\u0159ipraveno k realizaci Annou Sokolovou, kolem 1930\u00a0\" width=\"800\" height=\"338\" srcset=\"https:\/\/www.vlaknapameti.cz\/wp-content\/uploads\/1325vb-1024x432.jpg 1024w, https:\/\/www.vlaknapameti.cz\/wp-content\/uploads\/1325vb-300x127.jpg 300w, https:\/\/www.vlaknapameti.cz\/wp-content\/uploads\/1325vb-768x324.jpg 768w, https:\/\/www.vlaknapameti.cz\/wp-content\/uploads\/1325vb.jpg 1200w\" sizes=\"auto, (max-width: 800px) 100vw, 800px\" \/><figcaption id=\"caption-attachment-2168\" class=\"wp-caption-text\">N\u00e1vrh kosteln\u00ed kajky Marie Sedl\u00e1\u010dkov\u00e1-Serbouskov\u00e9, p\u0159ipraveno k realizaci Annou Sokolovou, kolem 1930<\/figcaption><\/figure>\n<figure id=\"attachment_2169\" aria-describedby=\"caption-attachment-2169\" style=\"width: 800px\" class=\"wp-caption alignleft\"><img loading=\"lazy\" decoding=\"async\" class=\"size-large wp-image-2169\" src=\"https:\/\/www.vlaknapameti.cz\/wp-content\/uploads\/1325vc-1024x489.jpg\" alt=\"Z\u00a0n\u00e1vrh\u016f lemu velk\u00e9ho kruhov\u00e9ho ubrusu Marie Sedl\u00e1\u010dkov\u00e1-Serbouskov\u00e9, \u00a0p\u0159ipraveno k realizaci\u00a0 Annou Sokolovou, v\u00fdkresy slou\u017eily jako podvinky, jsou prop\u00edch\u00e1ny,\u00a01932\u201333\" width=\"800\" height=\"382\" srcset=\"https:\/\/www.vlaknapameti.cz\/wp-content\/uploads\/1325vc-1024x489.jpg 1024w, https:\/\/www.vlaknapameti.cz\/wp-content\/uploads\/1325vc-300x143.jpg 300w, https:\/\/www.vlaknapameti.cz\/wp-content\/uploads\/1325vc-768x367.jpg 768w, https:\/\/www.vlaknapameti.cz\/wp-content\/uploads\/1325vc.jpg 1200w\" sizes=\"auto, (max-width: 800px) 100vw, 800px\" \/><figcaption id=\"caption-attachment-2169\" class=\"wp-caption-text\">Z n\u00e1vrh\u016f lemu velk\u00e9ho kruhov\u00e9ho ubrusu Marie Sedl\u00e1\u010dkov\u00e1-Serbouskov\u00e9, \u00a0p\u0159ipraveno k realizaci\u00a0 Annou Sokolovou, v\u00fdkresy slou\u017eily jako podvinky, jsou prop\u00edch\u00e1ny, 1932\u201333<\/figcaption><\/figure>\n","protected":false},"excerpt":{"rendered":"<p>Anna Sokolov\u00e1 (polo\u017eka interaktivn\u00ed mapy s v\u00edcero reprodukcemi) Anna Sokolov\u00e1 (1890) z\u00a0Rybn\u00e9 nad Zdobnic\u00ed (\u010d.p. 165) nav\u0161t\u011bvovala krajk\u00e1\u0159sk\u00fd kurz v\u00a0Rybn\u00e9 nad Zdobnic\u00ed. Pracovala pro pana Mat\u011bj\u010dka z\u00a0Rybn\u00e9 nad Zdobnic\u00ed a &#8230;<\/p>\n","protected":false},"author":1,"featured_media":0,"parent":0,"menu_order":0,"comment_status":"closed","ping_status":"closed","template":"","meta":{"footnotes":""},"class_list":["post-2392","page","type-page","status-publish","hentry"],"_links":{"self":[{"href":"https:\/\/www.vlaknapameti.cz\/index.php?rest_route=\/wp\/v2\/pages\/2392","targetHints":{"allow":["GET"]}}],"collection":[{"href":"https:\/\/www.vlaknapameti.cz\/index.php?rest_route=\/wp\/v2\/pages"}],"about":[{"href":"https:\/\/www.vlaknapameti.cz\/index.php?rest_route=\/wp\/v2\/types\/page"}],"author":[{"embeddable":true,"href":"https:\/\/www.vlaknapameti.cz\/index.php?rest_route=\/wp\/v2\/users\/1"}],"replies":[{"embeddable":true,"href":"https:\/\/www.vlaknapameti.cz\/index.php?rest_route=%2Fwp%2Fv2%2Fcomments&post=2392"}],"version-history":[{"count":2,"href":"https:\/\/www.vlaknapameti.cz\/index.php?rest_route=\/wp\/v2\/pages\/2392\/revisions"}],"predecessor-version":[{"id":2726,"href":"https:\/\/www.vlaknapameti.cz\/index.php?rest_route=\/wp\/v2\/pages\/2392\/revisions\/2726"}],"wp:attachment":[{"href":"https:\/\/www.vlaknapameti.cz\/index.php?rest_route=%2Fwp%2Fv2%2Fmedia&parent=2392"}],"curies":[{"name":"wp","href":"https:\/\/api.w.org\/{rel}","templated":true}]}}