{"id":2390,"date":"2025-08-13T00:46:59","date_gmt":"2025-08-13T00:46:59","guid":{"rendered":"https:\/\/www.vlaknapameti.cz\/?page_id=2390"},"modified":"2025-09-12T19:25:29","modified_gmt":"2025-09-12T19:25:29","slug":"im_miroslava-talavaskova","status":"publish","type":"page","link":"https:\/\/www.vlaknapameti.cz\/?page_id=2390","title":{"rendered":"IM: Miroslava Talava\u0161kov\u00e1"},"content":{"rendered":"<h2>Miroslava Talava\u0161kov\u00e1<\/h2>\n<p><em>(polo\u017eka interaktivn\u00ed mapy s v\u00edcero reprodukcemi)<\/em><\/p>\n<p>Miroslava Talava\u0161kov\u00e1 (1956) \u017eije v Rychnov\u011b nad Kn\u011b\u017enou. V letech 1973-1993 pracovala jako n\u00e1vrh\u00e1\u0159ka ve Vambereck\u00e9 krajce Vamberk. Z\u00edskala n\u011bkolik cen a ocen\u011bn\u00ed.<\/p>\n<figure id=\"attachment_1995\" aria-describedby=\"caption-attachment-1995\" style=\"width: 800px\" class=\"wp-caption alignleft\"><img loading=\"lazy\" decoding=\"async\" class=\"size-large wp-image-1995\" src=\"https:\/\/www.vlaknapameti.cz\/wp-content\/uploads\/1310v-1024x899.jpg\" alt=\"N\u00e1vrh pali\u010dkovan\u00e9 krajky - vsadky, 1983\u00a0\" width=\"800\" height=\"702\" srcset=\"https:\/\/www.vlaknapameti.cz\/wp-content\/uploads\/1310v-1024x899.jpg 1024w, https:\/\/www.vlaknapameti.cz\/wp-content\/uploads\/1310v-300x264.jpg 300w, https:\/\/www.vlaknapameti.cz\/wp-content\/uploads\/1310v-768x675.jpg 768w, https:\/\/www.vlaknapameti.cz\/wp-content\/uploads\/1310v.jpg 1200w\" sizes=\"auto, (max-width: 800px) 100vw, 800px\" \/><figcaption id=\"caption-attachment-1995\" class=\"wp-caption-text\">N\u00e1vrh pali\u010dkovan\u00e9 krajky \u2013 vsadky, 1983<\/figcaption><\/figure>\n<figure id=\"attachment_1996\" aria-describedby=\"caption-attachment-1996\" style=\"width: 800px\" class=\"wp-caption alignleft\"><img loading=\"lazy\" decoding=\"async\" class=\"size-large wp-image-1996\" src=\"https:\/\/www.vlaknapameti.cz\/wp-content\/uploads\/1310va-1024x905.jpg\" alt=\"N\u00e1vrh pali\u010dkovan\u00e9 krajky \u2013 bro\u017ee,\u00a070.-90. l\u00e9ta 20. stol.\" width=\"800\" height=\"707\" srcset=\"https:\/\/www.vlaknapameti.cz\/wp-content\/uploads\/1310va-1024x905.jpg 1024w, https:\/\/www.vlaknapameti.cz\/wp-content\/uploads\/1310va-300x265.jpg 300w, https:\/\/www.vlaknapameti.cz\/wp-content\/uploads\/1310va-768x679.jpg 768w, https:\/\/www.vlaknapameti.cz\/wp-content\/uploads\/1310va.jpg 1200w\" sizes=\"auto, (max-width: 800px) 100vw, 800px\" \/><figcaption id=\"caption-attachment-1996\" class=\"wp-caption-text\">N\u00e1vrh pali\u010dkovan\u00e9 krajky \u2013 bro\u017ee,\u00a070.-90. l\u00e9ta 20. stol.<\/figcaption><\/figure>\n<figure id=\"attachment_1997\" aria-describedby=\"caption-attachment-1997\" style=\"width: 800px\" class=\"wp-caption alignleft\"><img loading=\"lazy\" decoding=\"async\" class=\"size-large wp-image-1997\" src=\"https:\/\/www.vlaknapameti.cz\/wp-content\/uploads\/1310vb-1024x822.jpg\" alt=\"Spole\u010densk\u00fd komplet s aplikovanou pali\u010dkovanou krajkou, 1991\" width=\"800\" height=\"642\" srcset=\"https:\/\/www.vlaknapameti.cz\/wp-content\/uploads\/1310vb-1024x822.jpg 1024w, https:\/\/www.vlaknapameti.cz\/wp-content\/uploads\/1310vb-300x241.jpg 300w, https:\/\/www.vlaknapameti.cz\/wp-content\/uploads\/1310vb-768x616.jpg 768w, https:\/\/www.vlaknapameti.cz\/wp-content\/uploads\/1310vb.jpg 1200w\" sizes=\"auto, (max-width: 800px) 100vw, 800px\" \/><figcaption id=\"caption-attachment-1997\" class=\"wp-caption-text\">Spole\u010densk\u00fd komplet s aplikovanou pali\u010dkovanou krajkou, 1991<\/figcaption><\/figure>\n<figure id=\"attachment_1998\" aria-describedby=\"caption-attachment-1998\" style=\"width: 800px\" class=\"wp-caption alignleft\"><img loading=\"lazy\" decoding=\"async\" class=\"size-large wp-image-1998\" src=\"https:\/\/www.vlaknapameti.cz\/wp-content\/uploads\/1310vc-1024x486.jpg\" alt=\"Mot\u00fdl, obrazov\u00e1 pali\u010dkovan\u00e1 krajky, \u00a070.-90. l\u00e9ta 20. stol.\" width=\"800\" height=\"380\" srcset=\"https:\/\/www.vlaknapameti.cz\/wp-content\/uploads\/1310vc-1024x486.jpg 1024w, https:\/\/www.vlaknapameti.cz\/wp-content\/uploads\/1310vc-300x143.jpg 300w, https:\/\/www.vlaknapameti.cz\/wp-content\/uploads\/1310vc-768x365.jpg 768w, https:\/\/www.vlaknapameti.cz\/wp-content\/uploads\/1310vc.jpg 1200w\" sizes=\"auto, (max-width: 800px) 100vw, 800px\" \/><figcaption id=\"caption-attachment-1998\" class=\"wp-caption-text\">Mot\u00fdl, obrazov\u00e1 pali\u010dkovan\u00e1 krajky, \u00a070.-90. l\u00e9ta 20. stol.<\/figcaption><\/figure>\n<p>&nbsp;<\/p>\n<p>&nbsp;<\/p>\n<p>&nbsp;<\/p>\n<p>&nbsp;<\/p>\n<p>&nbsp;<\/p>\n","protected":false},"excerpt":{"rendered":"<p>Miroslava Talava\u0161kov\u00e1 (polo\u017eka interaktivn\u00ed mapy s v\u00edcero reprodukcemi) Miroslava Talava\u0161kov\u00e1 (1956) \u017eije v Rychnov\u011b nad Kn\u011b\u017enou. V letech 1973-1993 pracovala jako n\u00e1vrh\u00e1\u0159ka ve Vambereck\u00e9 krajce Vamberk. Z\u00edskala n\u011bkolik cen a &#8230;<\/p>\n","protected":false},"author":1,"featured_media":0,"parent":0,"menu_order":0,"comment_status":"closed","ping_status":"closed","template":"","meta":{"footnotes":""},"class_list":["post-2390","page","type-page","status-publish","hentry"],"_links":{"self":[{"href":"https:\/\/www.vlaknapameti.cz\/index.php?rest_route=\/wp\/v2\/pages\/2390","targetHints":{"allow":["GET"]}}],"collection":[{"href":"https:\/\/www.vlaknapameti.cz\/index.php?rest_route=\/wp\/v2\/pages"}],"about":[{"href":"https:\/\/www.vlaknapameti.cz\/index.php?rest_route=\/wp\/v2\/types\/page"}],"author":[{"embeddable":true,"href":"https:\/\/www.vlaknapameti.cz\/index.php?rest_route=\/wp\/v2\/users\/1"}],"replies":[{"embeddable":true,"href":"https:\/\/www.vlaknapameti.cz\/index.php?rest_route=%2Fwp%2Fv2%2Fcomments&post=2390"}],"version-history":[{"count":4,"href":"https:\/\/www.vlaknapameti.cz\/index.php?rest_route=\/wp\/v2\/pages\/2390\/revisions"}],"predecessor-version":[{"id":2746,"href":"https:\/\/www.vlaknapameti.cz\/index.php?rest_route=\/wp\/v2\/pages\/2390\/revisions\/2746"}],"wp:attachment":[{"href":"https:\/\/www.vlaknapameti.cz\/index.php?rest_route=%2Fwp%2Fv2%2Fmedia&parent=2390"}],"curies":[{"name":"wp","href":"https:\/\/api.w.org\/{rel}","templated":true}]}}