{"id":2379,"date":"2025-08-13T00:00:05","date_gmt":"2025-08-13T00:00:05","guid":{"rendered":"https:\/\/www.vlaknapameti.cz\/?page_id=2379"},"modified":"2025-09-12T19:25:49","modified_gmt":"2025-09-12T19:25:49","slug":"im_muzeum-podkrkonosi-v-trutnove","status":"publish","type":"page","link":"https:\/\/www.vlaknapameti.cz\/?page_id=2379","title":{"rendered":"IM: Muzeum Podkrkono\u0161\u00ed v Trutnov\u011b"},"content":{"rendered":"<h2>Muzeum Podkrkono\u0161\u00ed v Trutnov\u011b<\/h2>\n<p><em>(polo\u017eka interaktivn\u00ed mapy s v\u00edcero reprodukcemi)<\/em><\/p>\n<p>Muzeum Podkrkono\u0161\u00ed v Trutnov\u011b bylo zalo\u017eeno, jako m\u011bstsk\u00e9, v roce 1890. Je region\u00e1ln\u00edm muzeem s p\u016fsobnost\u00ed pro okres Trutnov a p\u0159ilehl\u00fd region, p\u0159edstavovan\u00fd p\u0159edev\u0161\u00edm oblast\u00ed Krkono\u0161 a Podkrkono\u0161\u00ed. Soust\u0159e\u010fuje, v\u011bdecky zpracov\u00e1v\u00e1 a ke kulturn\u00edm, v\u00fdchovn\u00fdm a dal\u0161\u00edm \u00fa\u010del\u016fm vyu\u017e\u00edv\u00e1 p\u0159edev\u0161\u00edm sb\u00edrkov\u00e9 p\u0159edm\u011bty z oblast\u00ed archeologie, historie a etnografie. Textilie r\u016fzn\u00e9ho druhu jsou zastoupeny mimo jin\u00e9 i v expozici \u017divot v chalup\u00e1ch i vesnick\u00fdch usedlostech.<\/p>\n<figure id=\"attachment_1760\" aria-describedby=\"caption-attachment-1760\" style=\"width: 800px\" class=\"wp-caption alignleft\"><img loading=\"lazy\" decoding=\"async\" class=\"size-large wp-image-1760\" src=\"https:\/\/www.vlaknapameti.cz\/wp-content\/uploads\/1307v-1024x894.jpg\" alt=\"\u010cepec ozdoben\u00fd \u00a0krajkou, Velk\u00fd V\u0159e\u0161\u0165ov, 1. pol. 20. stol.\" width=\"800\" height=\"698\" srcset=\"https:\/\/www.vlaknapameti.cz\/wp-content\/uploads\/1307v-1024x894.jpg 1024w, https:\/\/www.vlaknapameti.cz\/wp-content\/uploads\/1307v-300x262.jpg 300w, https:\/\/www.vlaknapameti.cz\/wp-content\/uploads\/1307v-768x671.jpg 768w, https:\/\/www.vlaknapameti.cz\/wp-content\/uploads\/1307v.jpg 1200w\" sizes=\"auto, (max-width: 800px) 100vw, 800px\" \/><figcaption id=\"caption-attachment-1760\" class=\"wp-caption-text\">\u010cepec ozdoben\u00fd \u00a0krajkou, Velk\u00fd V\u0159e\u0161\u0165ov, 1. pol. 20. stol.<\/figcaption><\/figure>\n<figure id=\"attachment_1761\" aria-describedby=\"caption-attachment-1761\" style=\"width: 800px\" class=\"wp-caption alignleft\"><img loading=\"lazy\" decoding=\"async\" class=\"size-large wp-image-1761\" src=\"https:\/\/www.vlaknapameti.cz\/wp-content\/uploads\/1307va-1024x650.jpg\" alt=\"Od\u011bvn\u00ed krajkov\u00e1 vsadka, Velk\u00fd V\u0159e\u0161\u0165ov, 1. pol. 20. stol.\" width=\"800\" height=\"508\" srcset=\"https:\/\/www.vlaknapameti.cz\/wp-content\/uploads\/1307va-1024x650.jpg 1024w, https:\/\/www.vlaknapameti.cz\/wp-content\/uploads\/1307va-300x191.jpg 300w, https:\/\/www.vlaknapameti.cz\/wp-content\/uploads\/1307va-768x488.jpg 768w, https:\/\/www.vlaknapameti.cz\/wp-content\/uploads\/1307va.jpg 1200w\" sizes=\"auto, (max-width: 800px) 100vw, 800px\" \/><figcaption id=\"caption-attachment-1761\" class=\"wp-caption-text\">Od\u011bvn\u00ed krajkov\u00e1 vsadka, Velk\u00fd V\u0159e\u0161\u0165ov, 1. pol. 20. stol.<\/figcaption><\/figure>\n<figure id=\"attachment_1762\" aria-describedby=\"caption-attachment-1762\" style=\"width: 800px\" class=\"wp-caption alignleft\"><img loading=\"lazy\" decoding=\"async\" class=\"size-large wp-image-1762\" src=\"https:\/\/www.vlaknapameti.cz\/wp-content\/uploads\/1307vb-1024x679.jpg\" alt=\"P\u00e1skov\u00e9 krajky, Velk\u00fd V\u0159e\u0161\u0165ov, 1. pol. 20. stol.\" width=\"800\" height=\"530\" srcset=\"https:\/\/www.vlaknapameti.cz\/wp-content\/uploads\/1307vb-1024x679.jpg 1024w, https:\/\/www.vlaknapameti.cz\/wp-content\/uploads\/1307vb-300x199.jpg 300w, https:\/\/www.vlaknapameti.cz\/wp-content\/uploads\/1307vb-768x509.jpg 768w, https:\/\/www.vlaknapameti.cz\/wp-content\/uploads\/1307vb.jpg 1200w\" sizes=\"auto, (max-width: 800px) 100vw, 800px\" \/><figcaption id=\"caption-attachment-1762\" class=\"wp-caption-text\">P\u00e1skov\u00e9 krajky, Velk\u00fd V\u0159e\u0161\u0165ov, 1. pol. 20. stol.<\/figcaption><\/figure>\n<p><img loading=\"lazy\" decoding=\"async\" class=\"\" src=\"https:\/\/cdn.kudyznudy.cz\/files\/53\/5317fe2b-a99f-4bf6-896a-b98d7f7ffcf9.webp?v=20250225074037\" alt=\"\u017divot v chalup\u00e1ch i vesnick\u00fdch usedlostech \u2013 expozice Muzea Podkrkono\u0161\u00ed v Trutnov\u011b\" width=\"800\" height=\"533\" \/><\/p>\n<p>Z expozice \u017divot v\u00a0chalup\u00e1ch i vesnick\u00fdch usedlostech, foto: <a href=\"https:\/\/www.kudyznudy.cz\/aktivity\/muzeum-podkrkonosi-v-trutnove\">Kudy z Nudy<\/a><\/p>\n<p>&nbsp;<\/p>\n","protected":false},"excerpt":{"rendered":"<p>Muzeum Podkrkono\u0161\u00ed v Trutnov\u011b (polo\u017eka interaktivn\u00ed mapy s v\u00edcero reprodukcemi) Muzeum Podkrkono\u0161\u00ed v Trutnov\u011b bylo zalo\u017eeno, jako m\u011bstsk\u00e9, v roce 1890. Je region\u00e1ln\u00edm muzeem s p\u016fsobnost\u00ed pro okres Trutnov a &#8230;<\/p>\n","protected":false},"author":1,"featured_media":0,"parent":0,"menu_order":0,"comment_status":"closed","ping_status":"closed","template":"","meta":{"footnotes":""},"class_list":["post-2379","page","type-page","status-publish","hentry"],"_links":{"self":[{"href":"https:\/\/www.vlaknapameti.cz\/index.php?rest_route=\/wp\/v2\/pages\/2379","targetHints":{"allow":["GET"]}}],"collection":[{"href":"https:\/\/www.vlaknapameti.cz\/index.php?rest_route=\/wp\/v2\/pages"}],"about":[{"href":"https:\/\/www.vlaknapameti.cz\/index.php?rest_route=\/wp\/v2\/types\/page"}],"author":[{"embeddable":true,"href":"https:\/\/www.vlaknapameti.cz\/index.php?rest_route=\/wp\/v2\/users\/1"}],"replies":[{"embeddable":true,"href":"https:\/\/www.vlaknapameti.cz\/index.php?rest_route=%2Fwp%2Fv2%2Fcomments&post=2379"}],"version-history":[{"count":7,"href":"https:\/\/www.vlaknapameti.cz\/index.php?rest_route=\/wp\/v2\/pages\/2379\/revisions"}],"predecessor-version":[{"id":2748,"href":"https:\/\/www.vlaknapameti.cz\/index.php?rest_route=\/wp\/v2\/pages\/2379\/revisions\/2748"}],"wp:attachment":[{"href":"https:\/\/www.vlaknapameti.cz\/index.php?rest_route=%2Fwp%2Fv2%2Fmedia&parent=2379"}],"curies":[{"name":"wp","href":"https:\/\/api.w.org\/{rel}","templated":true}]}}