{"id":2373,"date":"2025-08-12T23:49:07","date_gmt":"2025-08-12T23:49:07","guid":{"rendered":"https:\/\/www.vlaknapameti.cz\/?page_id=2373"},"modified":"2025-09-12T19:26:20","modified_gmt":"2025-09-12T19:26:20","slug":"im_regionalni-muzeum-skutec","status":"publish","type":"page","link":"https:\/\/www.vlaknapameti.cz\/?page_id=2373","title":{"rendered":"IM: Region\u00e1ln\u00ed muzeum Skute\u010d"},"content":{"rendered":"<h2>Region\u00e1ln\u00ed muzeum Skute\u010d<\/h2>\n<p><em>(polo\u017eka interaktivn\u00ed mapy s v\u00edcero reprodukcemi)<\/em><\/p>\n<p>Region\u00e1ln\u00ed muzeum ve Skut\u010di bylo zalo\u017eeno v\u00a0roce 1910. A\u010dkoli je specializov\u00e1no zejm\u00e9na na obuvnictv\u00ed, jedna ze sb\u00edrek muzea je v\u011bnov\u00e1na i textilu. Obsahuje nap\u0159\u00edklad kvalitn\u00ed soubor lidov\u00e9ho od\u011bvu z\u00a019.\u00a0a\u00a0po\u010d\u00e1tku 20.\u00a0stolet\u00ed ze\u00a0Skute\u010dska a\u00a0kolekc\u00ed b\u00edl\u00fdch v\u00fd\u0161ivek, kter\u00e9 dokumentuj\u00ed existenci a\u00a0\u00farove\u0148 vy\u0161\u00edva\u010dsk\u00e9 \u0161koly ve\u00a0Skut\u010di. Sou\u010d\u00e1st\u00ed textiln\u00ed sb\u00edrky je nap\u0159\u00edklad skute\u010dsk\u00fd kroj, pro kter\u00fd vyrobila v\u00a0prvn\u00ed polovin\u011b 20. stolet\u00ed n\u011bkter\u00e9 krajky vambereck\u00e1 firma Anton\u00edn Koblic.<\/p>\n<figure id=\"attachment_1757\" aria-describedby=\"caption-attachment-1757\" style=\"width: 800px\" class=\"wp-caption alignleft\"><img loading=\"lazy\" decoding=\"async\" class=\" wp-image-1757\" src=\"https:\/\/www.vlaknapameti.cz\/wp-content\/uploads\/1306v-695x1024.jpg\" alt=\"Vzorn\u00edk\u00a0krajek ke skute\u010dsk\u00e9mu kroji. V\u011bt\u0161\u00ed vzorek byl vytvo\u0159en v Borov\u00e9 u Poli\u010dky, dva men\u0161\u00ed vyrobila firma Anton\u00edn Koblic, Vamberk, 1. pol. 20. stol.\" width=\"800\" height=\"1179\" srcset=\"https:\/\/www.vlaknapameti.cz\/wp-content\/uploads\/1306v-695x1024.jpg 695w, https:\/\/www.vlaknapameti.cz\/wp-content\/uploads\/1306v-204x300.jpg 204w, https:\/\/www.vlaknapameti.cz\/wp-content\/uploads\/1306v-768x1132.jpg 768w, https:\/\/www.vlaknapameti.cz\/wp-content\/uploads\/1306v-1042x1536.jpg 1042w, https:\/\/www.vlaknapameti.cz\/wp-content\/uploads\/1306v.jpg 1200w\" sizes=\"auto, (max-width: 800px) 100vw, 800px\" \/><figcaption id=\"caption-attachment-1757\" class=\"wp-caption-text\">Vzorn\u00edk\u00a0krajek ke skute\u010dsk\u00e9mu kroji. V\u011bt\u0161\u00ed vzorek byl vytvo\u0159en v Borov\u00e9 u Poli\u010dky, dva men\u0161\u00ed vyrobila firma Anton\u00edn Koblic, Vamberk, 1. pol. 20. stol.<\/figcaption><\/figure>\n<figure id=\"attachment_1758\" aria-describedby=\"caption-attachment-1758\" style=\"width: 800px\" class=\"wp-caption alignleft\"><img loading=\"lazy\" decoding=\"async\" class=\"size-large wp-image-1758\" src=\"https:\/\/www.vlaknapameti.cz\/wp-content\/uploads\/1306va-1024x682.jpg\" alt=\"B\u00edl\u00fd \u010depec \u00a0skute\u010dsk\u00e9ho kroje s pali\u010dkovanou krajkou v\u00a0t\u00fdlov\u00e9 \u010d\u00e1sti, 1. pol. 20. stol.\" width=\"800\" height=\"533\" srcset=\"https:\/\/www.vlaknapameti.cz\/wp-content\/uploads\/1306va-1024x682.jpg 1024w, https:\/\/www.vlaknapameti.cz\/wp-content\/uploads\/1306va-300x200.jpg 300w, https:\/\/www.vlaknapameti.cz\/wp-content\/uploads\/1306va-768x511.jpg 768w, https:\/\/www.vlaknapameti.cz\/wp-content\/uploads\/1306va.jpg 1200w\" sizes=\"auto, (max-width: 800px) 100vw, 800px\" \/><figcaption id=\"caption-attachment-1758\" class=\"wp-caption-text\">B\u00edl\u00fd \u010depec \u00a0skute\u010dsk\u00e9ho kroje s pali\u010dkovanou krajkou v\u00a0t\u00fdlov\u00e9 \u010d\u00e1sti, 1. pol. 20. stol.<\/figcaption><\/figure>\n<figure id=\"attachment_1759\" aria-describedby=\"caption-attachment-1759\" style=\"width: 800px\" class=\"wp-caption alignleft\"><img loading=\"lazy\" decoding=\"async\" class=\"size-large wp-image-1759\" src=\"https:\/\/www.vlaknapameti.cz\/wp-content\/uploads\/1306vb-1024x707.jpg\" alt=\"Pl\u00e1t\u011bn\u00e1 halenka skute\u010dsk\u00e9ho kroje s pali\u010dkovanou krajkou u krku a na ruk\u00e1vech, 1. pol. 20. stol.\" width=\"800\" height=\"552\" srcset=\"https:\/\/www.vlaknapameti.cz\/wp-content\/uploads\/1306vb-1024x707.jpg 1024w, https:\/\/www.vlaknapameti.cz\/wp-content\/uploads\/1306vb-300x207.jpg 300w, https:\/\/www.vlaknapameti.cz\/wp-content\/uploads\/1306vb-768x531.jpg 768w, https:\/\/www.vlaknapameti.cz\/wp-content\/uploads\/1306vb.jpg 1200w\" sizes=\"auto, (max-width: 800px) 100vw, 800px\" \/><figcaption id=\"caption-attachment-1759\" class=\"wp-caption-text\">Pl\u00e1t\u011bn\u00e1 halenka skute\u010dsk\u00e9ho kroje s pali\u010dkovanou krajkou u krku a na ruk\u00e1vech, 1. pol. 20. stol.<\/figcaption><\/figure>\n<p>&nbsp;<\/p>\n<p>&nbsp;<\/p>\n","protected":false},"excerpt":{"rendered":"<p>Region\u00e1ln\u00ed muzeum Skute\u010d (polo\u017eka interaktivn\u00ed mapy s v\u00edcero reprodukcemi) Region\u00e1ln\u00ed muzeum ve Skut\u010di bylo zalo\u017eeno v\u00a0roce 1910. A\u010dkoli je specializov\u00e1no zejm\u00e9na na obuvnictv\u00ed, jedna ze sb\u00edrek muzea je v\u011bnov\u00e1na i &#8230;<\/p>\n","protected":false},"author":1,"featured_media":0,"parent":0,"menu_order":0,"comment_status":"closed","ping_status":"closed","template":"","meta":{"footnotes":""},"class_list":["post-2373","page","type-page","status-publish","hentry"],"_links":{"self":[{"href":"https:\/\/www.vlaknapameti.cz\/index.php?rest_route=\/wp\/v2\/pages\/2373","targetHints":{"allow":["GET"]}}],"collection":[{"href":"https:\/\/www.vlaknapameti.cz\/index.php?rest_route=\/wp\/v2\/pages"}],"about":[{"href":"https:\/\/www.vlaknapameti.cz\/index.php?rest_route=\/wp\/v2\/types\/page"}],"author":[{"embeddable":true,"href":"https:\/\/www.vlaknapameti.cz\/index.php?rest_route=\/wp\/v2\/users\/1"}],"replies":[{"embeddable":true,"href":"https:\/\/www.vlaknapameti.cz\/index.php?rest_route=%2Fwp%2Fv2%2Fcomments&post=2373"}],"version-history":[{"count":2,"href":"https:\/\/www.vlaknapameti.cz\/index.php?rest_route=\/wp\/v2\/pages\/2373\/revisions"}],"predecessor-version":[{"id":2751,"href":"https:\/\/www.vlaknapameti.cz\/index.php?rest_route=\/wp\/v2\/pages\/2373\/revisions\/2751"}],"wp:attachment":[{"href":"https:\/\/www.vlaknapameti.cz\/index.php?rest_route=%2Fwp%2Fv2%2Fmedia&parent=2373"}],"curies":[{"name":"wp","href":"https:\/\/api.w.org\/{rel}","templated":true}]}}