{"id":2371,"date":"2025-08-12T23:44:31","date_gmt":"2025-08-12T23:44:31","guid":{"rendered":"https:\/\/www.vlaknapameti.cz\/?page_id=2371"},"modified":"2025-09-12T19:25:39","modified_gmt":"2025-09-12T19:25:39","slug":"im_muzeum-krajky-vamberk","status":"publish","type":"page","link":"https:\/\/www.vlaknapameti.cz\/?page_id=2371","title":{"rendered":"IM: Muzeum krajky Vamberk"},"content":{"rendered":"<h2>Muzeum krajky Vamberk<\/h2>\n<p><em>(polo\u017eka interaktivn\u00ed mapy s v\u00edcero reprodukcemi)<\/em><\/p>\n<p>V\u00a0roce 1924 bylo zalo\u017eeno M\u011bstsk\u00e9 muzeum ve Vamberku, respektive vznikl muzejn\u00ed spolek L\u00fctzov, kter\u00fd se v\u011bnoval tak\u00e9 sb\u011bru p\u0159edm\u011bt\u016f dokumentuj\u00edc\u00edch minulost Vamberka a Vamberecka. Kuratorium Prvn\u00ed \u010desk\u00e9 odborn\u00e9 \u0161koly krajk\u00e1\u0159sk\u00e9, zalo\u017een\u00e9 ve Vamberku v roce 1887, se v roce 1894 rozhodlo vytv\u00e1\u0159et pro \u0161koln\u00ed \u00fa\u010dely sb\u00edrku vzor\u016f krajek. Ta se stala z\u00e1kladem v roce 1927 ustaven\u00e9ho krajk\u00e1\u0159sk\u00e9ho muzea, kter\u00e9 bylo v roce 1929 zp\u0159\u00edstupn\u011bno ve\u0159ejnosti. Roku 1959 m\u011bstsk\u00e9 a krajk\u00e1\u0159sk\u00e9 muzeum svoje sb\u00edrky spojily. Jeho rozs\u00e1hl\u00e9 sb\u00edrky mapuj\u00ed historii krajk\u00e1\u0159stv\u00ed v\u00a0\u010desk\u00fdch zem\u00edch zejm\u00e9na od 18. stolet\u00ed po sou\u010dasnost. T\u011b\u017ei\u0161t\u011b sb\u00edrek pak le\u017e\u00ed ve sb\u00edrk\u00e1ch\u00a0modern\u00edho \u010desk\u00e9ho krajk\u00e1\u0159stv\u00ed, zvl\u00e1\u0161t\u011b pali\u010dkovan\u00fdch krajek a v\u00fdrobk\u016f z\u00a0nich vystaven\u00fdch na sv\u011btov\u00fdch v\u00fdstav EXPO 58 v\u00a0Bruselu a EXPO 67 v\u00a0Montrealu. Ve sb\u00edrce a expozici muzea se nach\u00e1zej\u00ed nap\u0159\u00edklad p\u0159edstavitel\u016f modern\u00ed \u010desk\u00e9 krajky Marie Sedl\u00e1\u010dkov\u00e9-Serbouskov\u00e9, Emilie Pali\u010dkov\u00e9, Vlasty \u0160olcov\u00e9, Marie Va\u0148kov\u00e9, Evy Fialov\u00e9, Emilie Frydeck\u00e9, Mil\u010di Eremi\u00e1\u0161ov\u00e9, Jaroslava Pr\u00e1\u0161ila a mnoh\u00fdch dal\u0161\u00edch.<\/p>\n<figure id=\"attachment_1751\" aria-describedby=\"caption-attachment-1751\" style=\"width: 800px\" class=\"wp-caption alignleft\"><img loading=\"lazy\" decoding=\"async\" class=\"size-large wp-image-1751\" src=\"https:\/\/www.vlaknapameti.cz\/wp-content\/uploads\/1305v-1024x908.jpg\" alt=\"Pohled do expozice Krajk\u00e1\u0159sk\u00e9ho muzea ve Vamberku, p\u0159edch\u016fdce Muzea krajky Vamberk, 1. pol. 20. stol.\" width=\"800\" height=\"709\" srcset=\"https:\/\/www.vlaknapameti.cz\/wp-content\/uploads\/1305v-1024x908.jpg 1024w, https:\/\/www.vlaknapameti.cz\/wp-content\/uploads\/1305v-300x266.jpg 300w, https:\/\/www.vlaknapameti.cz\/wp-content\/uploads\/1305v-768x681.jpg 768w, https:\/\/www.vlaknapameti.cz\/wp-content\/uploads\/1305v.jpg 1200w\" sizes=\"auto, (max-width: 800px) 100vw, 800px\" \/><figcaption id=\"caption-attachment-1751\" class=\"wp-caption-text\">Pohled do expozice Krajk\u00e1\u0159sk\u00e9ho muzea ve Vamberku, p\u0159edch\u016fdce Muzea krajky Vamberk, 1. pol. 20. stol.<\/figcaption><\/figure>\n<figure id=\"attachment_1752\" aria-describedby=\"caption-attachment-1752\" style=\"width: 800px\" class=\"wp-caption alignleft\"><img loading=\"lazy\" decoding=\"async\" class=\"size-large wp-image-1752\" src=\"https:\/\/www.vlaknapameti.cz\/wp-content\/uploads\/1305va-1024x772.jpg\" alt=\"Pohled do expozice Krajk\u00e1\u0159sk\u00e9ho muzea ve Vamberku, p\u0159edch\u016fdce Muzea krajky Vamberk, 1. pol. 20. stol.\u00a0\u00a0\" width=\"800\" height=\"603\" srcset=\"https:\/\/www.vlaknapameti.cz\/wp-content\/uploads\/1305va-1024x772.jpg 1024w, https:\/\/www.vlaknapameti.cz\/wp-content\/uploads\/1305va-300x226.jpg 300w, https:\/\/www.vlaknapameti.cz\/wp-content\/uploads\/1305va-768x579.jpg 768w, https:\/\/www.vlaknapameti.cz\/wp-content\/uploads\/1305va.jpg 1200w\" sizes=\"auto, (max-width: 800px) 100vw, 800px\" \/><figcaption id=\"caption-attachment-1752\" class=\"wp-caption-text\">Pohled do expozice Krajk\u00e1\u0159sk\u00e9ho muzea ve Vamberku, p\u0159edch\u016fdce Muzea krajky Vamberk, 1. pol. 20. stol.<\/figcaption><\/figure>\n<figure id=\"attachment_1753\" aria-describedby=\"caption-attachment-1753\" style=\"width: 800px\" class=\"wp-caption alignleft\"><img loading=\"lazy\" decoding=\"async\" class=\"size-large wp-image-1753\" src=\"https:\/\/www.vlaknapameti.cz\/wp-content\/uploads\/1305vb-1024x735.jpg\" alt=\"Pohled do expozice Muzea krajky Vamberk, 1969\" width=\"800\" height=\"574\" srcset=\"https:\/\/www.vlaknapameti.cz\/wp-content\/uploads\/1305vb-1024x735.jpg 1024w, https:\/\/www.vlaknapameti.cz\/wp-content\/uploads\/1305vb-300x215.jpg 300w, https:\/\/www.vlaknapameti.cz\/wp-content\/uploads\/1305vb-768x551.jpg 768w, https:\/\/www.vlaknapameti.cz\/wp-content\/uploads\/1305vb.jpg 1200w\" sizes=\"auto, (max-width: 800px) 100vw, 800px\" \/><figcaption id=\"caption-attachment-1753\" class=\"wp-caption-text\">Pohled do expozice Muzea krajky Vamberk, 1969<\/figcaption><\/figure>\n<figure id=\"attachment_1754\" aria-describedby=\"caption-attachment-1754\" style=\"width: 800px\" class=\"wp-caption alignleft\"><img loading=\"lazy\" decoding=\"async\" class=\"size-large wp-image-1754\" src=\"https:\/\/www.vlaknapameti.cz\/wp-content\/uploads\/1305vc-1024x727.jpg\" alt=\"Pohled do expozice Muzea krajky Vamberk, 1969\" width=\"800\" height=\"568\" srcset=\"https:\/\/www.vlaknapameti.cz\/wp-content\/uploads\/1305vc-1024x727.jpg 1024w, https:\/\/www.vlaknapameti.cz\/wp-content\/uploads\/1305vc-300x213.jpg 300w, https:\/\/www.vlaknapameti.cz\/wp-content\/uploads\/1305vc-768x545.jpg 768w, https:\/\/www.vlaknapameti.cz\/wp-content\/uploads\/1305vc.jpg 1200w\" sizes=\"auto, (max-width: 800px) 100vw, 800px\" \/><figcaption id=\"caption-attachment-1754\" class=\"wp-caption-text\">Pohled do expozice Muzea krajky Vamberk, 1969<\/figcaption><\/figure>\n<figure id=\"attachment_1755\" aria-describedby=\"caption-attachment-1755\" style=\"width: 800px\" class=\"wp-caption alignleft\"><img loading=\"lazy\" decoding=\"async\" class=\"size-large wp-image-1755\" src=\"https:\/\/www.vlaknapameti.cz\/wp-content\/uploads\/1305vd-1024x749.jpg\" alt=\"Pam\u00e1tkov\u011b chr\u00e1n\u011bn\u00e1 budova Bedn\u00e1\u0159ovy vily ve Vamberku. Od roku 1948 s\u00eddlo Muzea krajky.\" width=\"800\" height=\"585\" srcset=\"https:\/\/www.vlaknapameti.cz\/wp-content\/uploads\/1305vd-1024x749.jpg 1024w, https:\/\/www.vlaknapameti.cz\/wp-content\/uploads\/1305vd-300x220.jpg 300w, https:\/\/www.vlaknapameti.cz\/wp-content\/uploads\/1305vd-768x562.jpg 768w, https:\/\/www.vlaknapameti.cz\/wp-content\/uploads\/1305vd.jpg 1200w\" sizes=\"auto, (max-width: 800px) 100vw, 800px\" \/><figcaption id=\"caption-attachment-1755\" class=\"wp-caption-text\">Pam\u00e1tkov\u011b chr\u00e1n\u011bn\u00e1 budova Bedn\u00e1\u0159ovy vily ve Vamberku. Od roku 1948 s\u00eddlo Muzea krajky.<\/figcaption><\/figure>\n<figure id=\"attachment_1756\" aria-describedby=\"caption-attachment-1756\" style=\"width: 800px\" class=\"wp-caption alignleft\"><img loading=\"lazy\" decoding=\"async\" class=\"size-large wp-image-1756\" src=\"https:\/\/www.vlaknapameti.cz\/wp-content\/uploads\/1305ve-1024x649.jpg\" alt=\"Krajk\u00e1\u0159ky v jednom z krajk\u00e1\u0159sk\u00fdch center Vamberka, v \u010d\u00e1sti m\u011bsta Draha, 1. pol.20. stol.\" width=\"800\" height=\"507\" srcset=\"https:\/\/www.vlaknapameti.cz\/wp-content\/uploads\/1305ve-1024x649.jpg 1024w, https:\/\/www.vlaknapameti.cz\/wp-content\/uploads\/1305ve-300x190.jpg 300w, https:\/\/www.vlaknapameti.cz\/wp-content\/uploads\/1305ve-768x487.jpg 768w, https:\/\/www.vlaknapameti.cz\/wp-content\/uploads\/1305ve.jpg 1200w\" sizes=\"auto, (max-width: 800px) 100vw, 800px\" \/><figcaption id=\"caption-attachment-1756\" class=\"wp-caption-text\">Krajk\u00e1\u0159ky v jednom z krajk\u00e1\u0159sk\u00fdch center Vamberka, v \u010d\u00e1sti m\u011bsta Draha, 1. pol.20. stol.<\/figcaption><\/figure>\n","protected":false},"excerpt":{"rendered":"<p>Muzeum krajky Vamberk (polo\u017eka interaktivn\u00ed mapy s v\u00edcero reprodukcemi) V\u00a0roce 1924 bylo zalo\u017eeno M\u011bstsk\u00e9 muzeum ve Vamberku, respektive vznikl muzejn\u00ed spolek L\u00fctzov, kter\u00fd se v\u011bnoval tak\u00e9 sb\u011bru p\u0159edm\u011bt\u016f dokumentuj\u00edc\u00edch minulost &#8230;<\/p>\n","protected":false},"author":1,"featured_media":0,"parent":0,"menu_order":0,"comment_status":"closed","ping_status":"closed","template":"","meta":{"footnotes":""},"class_list":["post-2371","page","type-page","status-publish","hentry"],"_links":{"self":[{"href":"https:\/\/www.vlaknapameti.cz\/index.php?rest_route=\/wp\/v2\/pages\/2371","targetHints":{"allow":["GET"]}}],"collection":[{"href":"https:\/\/www.vlaknapameti.cz\/index.php?rest_route=\/wp\/v2\/pages"}],"about":[{"href":"https:\/\/www.vlaknapameti.cz\/index.php?rest_route=\/wp\/v2\/types\/page"}],"author":[{"embeddable":true,"href":"https:\/\/www.vlaknapameti.cz\/index.php?rest_route=\/wp\/v2\/users\/1"}],"replies":[{"embeddable":true,"href":"https:\/\/www.vlaknapameti.cz\/index.php?rest_route=%2Fwp%2Fv2%2Fcomments&post=2371"}],"version-history":[{"count":6,"href":"https:\/\/www.vlaknapameti.cz\/index.php?rest_route=\/wp\/v2\/pages\/2371\/revisions"}],"predecessor-version":[{"id":2747,"href":"https:\/\/www.vlaknapameti.cz\/index.php?rest_route=\/wp\/v2\/pages\/2371\/revisions\/2747"}],"wp:attachment":[{"href":"https:\/\/www.vlaknapameti.cz\/index.php?rest_route=%2Fwp%2Fv2%2Fmedia&parent=2371"}],"curies":[{"name":"wp","href":"https:\/\/api.w.org\/{rel}","templated":true}]}}