{"id":2366,"date":"2025-08-12T23:37:36","date_gmt":"2025-08-12T23:37:36","guid":{"rendered":"https:\/\/www.vlaknapameti.cz\/?page_id=2366"},"modified":"2025-09-12T19:24:28","modified_gmt":"2025-09-12T19:24:28","slug":"im_ludmila-kurkova","status":"publish","type":"page","link":"https:\/\/www.vlaknapameti.cz\/?page_id=2366","title":{"rendered":"IM: Ludmila Kurkov\u00e1"},"content":{"rendered":"<h2>Ludmila Kurkov\u00e1<\/h2>\n<p><em>(polo\u017eka interaktivn\u00ed mapy s v\u00edcero reprodukcemi)<\/em><\/p>\n<p>Ludmila Kurkov\u00e1 (1906) z\u00a0Polomu na Rychnovsku (\u010d.p. 19). Byla zdatnou krajk\u00e1\u0159kou, v\u00a0roce 1946 pat\u0159ila k\u00a0zakl\u00e1daj\u00edc\u00edm \u010dlen\u016fm dru\u017estva Vambereck\u00e1 krajka Vamberk.<\/p>\n<figure id=\"attachment_1743\" aria-describedby=\"caption-attachment-1743\" style=\"width: 800px\" class=\"wp-caption alignleft\"><img loading=\"lazy\" decoding=\"async\" class=\"size-large wp-image-1743\" src=\"https:\/\/www.vlaknapameti.cz\/wp-content\/uploads\/1196v-1024x464.jpg\" alt=\"Vl\u00e1\u010dkov\u00e1 pali\u010dkovan\u00e1 krajka - \u017eabov\u00e1, 1. pol. 20. stol.\" width=\"800\" height=\"363\" srcset=\"https:\/\/www.vlaknapameti.cz\/wp-content\/uploads\/1196v-1024x464.jpg 1024w, https:\/\/www.vlaknapameti.cz\/wp-content\/uploads\/1196v-300x136.jpg 300w, https:\/\/www.vlaknapameti.cz\/wp-content\/uploads\/1196v-768x348.jpg 768w, https:\/\/www.vlaknapameti.cz\/wp-content\/uploads\/1196v.jpg 1200w\" sizes=\"auto, (max-width: 800px) 100vw, 800px\" \/><figcaption id=\"caption-attachment-1743\" class=\"wp-caption-text\">Vl\u00e1\u010dkov\u00e1 pali\u010dkovan\u00e1 krajka \u2013 \u017eabov\u00e1, 1. pol. 20. stol.<\/figcaption><\/figure>\n<figure id=\"attachment_1744\" aria-describedby=\"caption-attachment-1744\" style=\"width: 800px\" class=\"wp-caption alignleft\"><img loading=\"lazy\" decoding=\"async\" class=\"size-large wp-image-1744\" src=\"https:\/\/www.vlaknapameti.cz\/wp-content\/uploads\/1196va-1024x517.jpg\" alt=\"Vl\u00e1\u010dkov\u00e1 pali\u010dkovan\u00e1 krajka - fajnov\u00e1\u010de, mal\u00fd zub, 1. pol. 20. stol.\" width=\"800\" height=\"404\" srcset=\"https:\/\/www.vlaknapameti.cz\/wp-content\/uploads\/1196va-1024x517.jpg 1024w, https:\/\/www.vlaknapameti.cz\/wp-content\/uploads\/1196va-300x152.jpg 300w, https:\/\/www.vlaknapameti.cz\/wp-content\/uploads\/1196va-768x388.jpg 768w, https:\/\/www.vlaknapameti.cz\/wp-content\/uploads\/1196va.jpg 1200w\" sizes=\"auto, (max-width: 800px) 100vw, 800px\" \/><figcaption id=\"caption-attachment-1744\" class=\"wp-caption-text\">Vl\u00e1\u010dkov\u00e1 pali\u010dkovan\u00e1 krajka \u2013 fajnov\u00e1\u010de, mal\u00fd zub, 1. pol. 20. stol.<\/figcaption><\/figure>\n<figure id=\"attachment_1745\" aria-describedby=\"caption-attachment-1745\" style=\"width: 800px\" class=\"wp-caption alignleft\"><img loading=\"lazy\" decoding=\"async\" class=\"size-large wp-image-1745\" src=\"https:\/\/www.vlaknapameti.cz\/wp-content\/uploads\/1196vb-1024x983.jpg\" alt=\"Vl\u00e1\u010dkov\u00e1 pali\u010dkovan\u00e1 krajka \u2013 \u017eabov\u00e1, 1. pol. 20. stol.\" width=\"800\" height=\"768\" srcset=\"https:\/\/www.vlaknapameti.cz\/wp-content\/uploads\/1196vb-1024x983.jpg 1024w, https:\/\/www.vlaknapameti.cz\/wp-content\/uploads\/1196vb-300x288.jpg 300w, https:\/\/www.vlaknapameti.cz\/wp-content\/uploads\/1196vb-768x737.jpg 768w, https:\/\/www.vlaknapameti.cz\/wp-content\/uploads\/1196vb.jpg 1200w\" sizes=\"auto, (max-width: 800px) 100vw, 800px\" \/><figcaption id=\"caption-attachment-1745\" class=\"wp-caption-text\">Vl\u00e1\u010dkov\u00e1 pali\u010dkovan\u00e1 krajka \u2013 \u017eabov\u00e1, 1. pol. 20. stol.<\/figcaption><\/figure>\n<p>&nbsp;<\/p>\n","protected":false},"excerpt":{"rendered":"<p>Ludmila Kurkov\u00e1 (polo\u017eka interaktivn\u00ed mapy s v\u00edcero reprodukcemi) Ludmila Kurkov\u00e1 (1906) z\u00a0Polomu na Rychnovsku (\u010d.p. 19). Byla zdatnou krajk\u00e1\u0159kou, v\u00a0roce 1946 pat\u0159ila k\u00a0zakl\u00e1daj\u00edc\u00edm \u010dlen\u016fm dru\u017estva Vambereck\u00e1 krajka Vamberk. &nbsp;<\/p>\n","protected":false},"author":1,"featured_media":0,"parent":0,"menu_order":0,"comment_status":"closed","ping_status":"closed","template":"","meta":{"footnotes":""},"class_list":["post-2366","page","type-page","status-publish","hentry"],"_links":{"self":[{"href":"https:\/\/www.vlaknapameti.cz\/index.php?rest_route=\/wp\/v2\/pages\/2366","targetHints":{"allow":["GET"]}}],"collection":[{"href":"https:\/\/www.vlaknapameti.cz\/index.php?rest_route=\/wp\/v2\/pages"}],"about":[{"href":"https:\/\/www.vlaknapameti.cz\/index.php?rest_route=\/wp\/v2\/types\/page"}],"author":[{"embeddable":true,"href":"https:\/\/www.vlaknapameti.cz\/index.php?rest_route=\/wp\/v2\/users\/1"}],"replies":[{"embeddable":true,"href":"https:\/\/www.vlaknapameti.cz\/index.php?rest_route=%2Fwp%2Fv2%2Fcomments&post=2366"}],"version-history":[{"count":2,"href":"https:\/\/www.vlaknapameti.cz\/index.php?rest_route=\/wp\/v2\/pages\/2366\/revisions"}],"predecessor-version":[{"id":2741,"href":"https:\/\/www.vlaknapameti.cz\/index.php?rest_route=\/wp\/v2\/pages\/2366\/revisions\/2741"}],"wp:attachment":[{"href":"https:\/\/www.vlaknapameti.cz\/index.php?rest_route=%2Fwp%2Fv2%2Fmedia&parent=2366"}],"curies":[{"name":"wp","href":"https:\/\/api.w.org\/{rel}","templated":true}]}}