{"id":2364,"date":"2025-08-12T23:32:22","date_gmt":"2025-08-12T23:32:22","guid":{"rendered":"https:\/\/www.vlaknapameti.cz\/?page_id=2364"},"modified":"2025-09-12T19:23:41","modified_gmt":"2025-09-12T19:23:41","slug":"im_kostel-svate-mari-magdaleny","status":"publish","type":"page","link":"https:\/\/www.vlaknapameti.cz\/?page_id=2364","title":{"rendered":"IM: Kostel svat\u00e9 M\u00e1\u0159\u00ed Magdal\u00e9ny"},"content":{"rendered":"<h1>Kostel svat\u00e9 M\u00e1\u0159\u00ed Magdal\u00e9ny v Ole\u0161nici v Orlick\u00fdch hor\u00e1ch<\/h1>\n<p><em>(polo\u017eka interaktivn\u00ed mapy s v\u00edcero reprodukcemi)<\/em><\/p>\n<p>Kostel svat\u00e9 M\u00e1\u0159\u00ed Magdal\u00e9ny v Ole\u0161nici v Orlick\u00fdch hor\u00e1ch je \u0159\u00edmskokatolick\u00fd fili\u00e1ln\u00ed kostel. Je chr\u00e1n\u011bn jako kulturn\u00ed pam\u00e1tka. Barokn\u00ed kostel, vybudovan\u00fd v letech 1702-1705 Ka\u0161parem Klinkertem z Kladsk\u00e9 Byst\u0159ice, stoj\u00ed na m\u00edst\u011b p\u016fvodn\u00edho d\u0159ev\u011bn\u00e9ho kostel\u00edku z 15. stolet\u00ed. Roku 1861 byl po po\u017e\u00e1ru postaven znovu.<\/p>\n<figure id=\"attachment_1738\" aria-describedby=\"caption-attachment-1738\" style=\"width: 800px\" class=\"wp-caption alignleft\"><img loading=\"lazy\" decoding=\"async\" class=\"size-large wp-image-1738\" src=\"https:\/\/www.vlaknapameti.cz\/wp-content\/uploads\/0555v-1024x383.jpg\" alt=\"P\u00e1sov\u00e1 krajka (z olt\u00e1\u0159n\u00edho pl\u00e1tna), len, 11 \u00d7 275 cm, pali\u010dkovan\u00e1 krajka, 1. polovina 20. stolet\u00ed, Holice, sb\u00edrka R. Martinka.\" width=\"800\" height=\"299\" srcset=\"https:\/\/www.vlaknapameti.cz\/wp-content\/uploads\/0555v-1024x383.jpg 1024w, https:\/\/www.vlaknapameti.cz\/wp-content\/uploads\/0555v-300x112.jpg 300w, https:\/\/www.vlaknapameti.cz\/wp-content\/uploads\/0555v-768x287.jpg 768w, https:\/\/www.vlaknapameti.cz\/wp-content\/uploads\/0555v.jpg 1200w\" sizes=\"auto, (max-width: 800px) 100vw, 800px\" \/><figcaption id=\"caption-attachment-1738\" class=\"wp-caption-text\">P\u00e1sov\u00e1 krajka (z olt\u00e1\u0159n\u00edho pl\u00e1tna), len, 11 \u00d7 275 cm, pali\u010dkovan\u00e1 krajka, 1. polovina 20. stolet\u00ed, Holice, sb\u00edrka R. Martinka.<\/figcaption><\/figure>\n<figure id=\"attachment_1739\" aria-describedby=\"caption-attachment-1739\" style=\"width: 800px\" class=\"wp-caption alignleft\"><img loading=\"lazy\" decoding=\"async\" class=\"size-large wp-image-1739\" src=\"https:\/\/www.vlaknapameti.cz\/wp-content\/uploads\/0555va-1024x344.jpg\" alt=\"P\u00e1sov\u00e1 krajka (z olt\u00e1\u0159n\u00edho pl\u00e1tna), len, 9\u00d795 cm, pali\u010dkovan\u00e1 krajka, 1. polovina 20. stolet\u00ed, Holice, sb\u00edrka R. Martinka.\" width=\"800\" height=\"269\" srcset=\"https:\/\/www.vlaknapameti.cz\/wp-content\/uploads\/0555va-1024x344.jpg 1024w, https:\/\/www.vlaknapameti.cz\/wp-content\/uploads\/0555va-300x101.jpg 300w, https:\/\/www.vlaknapameti.cz\/wp-content\/uploads\/0555va-768x258.jpg 768w, https:\/\/www.vlaknapameti.cz\/wp-content\/uploads\/0555va.jpg 1200w\" sizes=\"auto, (max-width: 800px) 100vw, 800px\" \/><figcaption id=\"caption-attachment-1739\" class=\"wp-caption-text\">P\u00e1sov\u00e1 krajka (z olt\u00e1\u0159n\u00edho pl\u00e1tna), len, 9\u00d795 cm, pali\u010dkovan\u00e1 krajka, 1. polovina 20. stolet\u00ed, Holice, sb\u00edrka R. Martinka.<\/figcaption><\/figure>\n<p><img loading=\"lazy\" decoding=\"async\" class=\"\" src=\"https:\/\/www.turistika.cz\/fotogalerie\/resize?s=\/foto\/r\/1000\/41798\/48687\/full_fa9d47_IMG_4907_Olesnice-v-OH.JPG\" alt=\"Kostel sv. M\u00e1\u0159\u00ed Magdal\u00e9ny, foto: Jan \u010c\u00e1p (HonzaC8)\" width=\"801\" height=\"629\" \/><br \/>\nKostel sv. M\u00e1\u0159\u00ed Magdal\u00e9ny, foto: Jan \u010c\u00e1p (HonzaC8)<\/p>\n","protected":false},"excerpt":{"rendered":"<p>Kostel svat\u00e9 M\u00e1\u0159\u00ed Magdal\u00e9ny v Ole\u0161nici v Orlick\u00fdch hor\u00e1ch (polo\u017eka interaktivn\u00ed mapy s v\u00edcero reprodukcemi) Kostel svat\u00e9 M\u00e1\u0159\u00ed Magdal\u00e9ny v Ole\u0161nici v Orlick\u00fdch hor\u00e1ch je \u0159\u00edmskokatolick\u00fd fili\u00e1ln\u00ed kostel. Je chr\u00e1n\u011bn &#8230;<\/p>\n","protected":false},"author":1,"featured_media":0,"parent":0,"menu_order":0,"comment_status":"closed","ping_status":"closed","template":"","meta":{"footnotes":""},"class_list":["post-2364","page","type-page","status-publish","hentry"],"_links":{"self":[{"href":"https:\/\/www.vlaknapameti.cz\/index.php?rest_route=\/wp\/v2\/pages\/2364","targetHints":{"allow":["GET"]}}],"collection":[{"href":"https:\/\/www.vlaknapameti.cz\/index.php?rest_route=\/wp\/v2\/pages"}],"about":[{"href":"https:\/\/www.vlaknapameti.cz\/index.php?rest_route=\/wp\/v2\/types\/page"}],"author":[{"embeddable":true,"href":"https:\/\/www.vlaknapameti.cz\/index.php?rest_route=\/wp\/v2\/users\/1"}],"replies":[{"embeddable":true,"href":"https:\/\/www.vlaknapameti.cz\/index.php?rest_route=%2Fwp%2Fv2%2Fcomments&post=2364"}],"version-history":[{"count":2,"href":"https:\/\/www.vlaknapameti.cz\/index.php?rest_route=\/wp\/v2\/pages\/2364\/revisions"}],"predecessor-version":[{"id":2737,"href":"https:\/\/www.vlaknapameti.cz\/index.php?rest_route=\/wp\/v2\/pages\/2364\/revisions\/2737"}],"wp:attachment":[{"href":"https:\/\/www.vlaknapameti.cz\/index.php?rest_route=%2Fwp%2Fv2%2Fmedia&parent=2364"}],"curies":[{"name":"wp","href":"https:\/\/api.w.org\/{rel}","templated":true}]}}