{"id":2354,"date":"2025-08-12T23:02:49","date_gmt":"2025-08-12T23:02:49","guid":{"rendered":"https:\/\/www.vlaknapameti.cz\/?page_id=2354"},"modified":"2025-09-12T19:23:01","modified_gmt":"2025-09-12T19:23:01","slug":"im_kostel-sv-jakuba","status":"publish","type":"page","link":"https:\/\/www.vlaknapameti.cz\/?page_id=2354","title":{"rendered":"IM: Kostel sv. Jakuba"},"content":{"rendered":"<h1>Kostel sv. Jakuba V\u011bt\u0161\u00edho v Rybn\u00e9 nad Zdobnic\u00ed<\/h1>\n<p><em>(polo\u017eka interaktivn\u00ed mapy s v\u00edcero reprodukcemi)<\/em><\/p>\n<p>Kostel sv. Jakuba V\u011bt\u0161\u00edho v\u00a0Rybn\u00e9 nad Zdobnic\u00ed (p\u016fvodn\u011b N\u011bmeck\u00e9 Rybn\u00e9) je \u0159\u00edmskokatolick\u00fd farn\u00ed kostel. Barokn\u00ed stavba byla vybudov\u00e1na v letech 1748\u20131756. P\u016fvodn\u00ed d\u0159ev\u011bn\u00fd kostel st\u00e1val na jin\u00e9m m\u00edst\u011b mezi domy \u010dp. 9 a 162.<\/p>\n<figure id=\"attachment_1730\" aria-describedby=\"caption-attachment-1730\" style=\"width: 800px\" class=\"wp-caption alignleft\"><img loading=\"lazy\" decoding=\"async\" class=\"size-large wp-image-1730\" src=\"https:\/\/www.vlaknapameti.cz\/wp-content\/uploads\/0551v-1024x293.jpg\" alt=\"P\u00e1sov\u00e1 krajka (z olt\u00e1\u0159n\u00edho pl\u00e1tna), len, 11,5 x 340 cm, pali\u010dkovan\u00e1 krajka, konec 19. stolet\u00ed, Holice, sb\u00edrka R. Martinka.\" width=\"800\" height=\"229\" srcset=\"https:\/\/www.vlaknapameti.cz\/wp-content\/uploads\/0551v-1024x293.jpg 1024w, https:\/\/www.vlaknapameti.cz\/wp-content\/uploads\/0551v-300x86.jpg 300w, https:\/\/www.vlaknapameti.cz\/wp-content\/uploads\/0551v-768x220.jpg 768w, https:\/\/www.vlaknapameti.cz\/wp-content\/uploads\/0551v.jpg 1200w\" sizes=\"auto, (max-width: 800px) 100vw, 800px\" \/><figcaption id=\"caption-attachment-1730\" class=\"wp-caption-text\">P\u00e1sov\u00e1 krajka (z olt\u00e1\u0159n\u00edho pl\u00e1tna), len, 11,5 x 340 cm, pali\u010dkovan\u00e1 krajka, konec 19. stolet\u00ed, Holice, sb\u00edrka R. Martinka.<\/figcaption><\/figure>\n<figure id=\"attachment_1731\" aria-describedby=\"caption-attachment-1731\" style=\"width: 800px\" class=\"wp-caption alignleft\"><img loading=\"lazy\" decoding=\"async\" class=\"size-large wp-image-1731\" src=\"https:\/\/www.vlaknapameti.cz\/wp-content\/uploads\/0551va-1024x447.jpg\" alt=\"P\u00e1sov\u00e1 krajka (z olt\u00e1\u0159n\u00edho pl\u00e1tna), len, 26\u00d7164 cm, pali\u010dkovan\u00e1 krajka, 1920\u20131940, Holice, sb\u00edrka R. Martinka\" width=\"800\" height=\"349\" srcset=\"https:\/\/www.vlaknapameti.cz\/wp-content\/uploads\/0551va-1024x447.jpg 1024w, https:\/\/www.vlaknapameti.cz\/wp-content\/uploads\/0551va-300x131.jpg 300w, https:\/\/www.vlaknapameti.cz\/wp-content\/uploads\/0551va-768x335.jpg 768w, https:\/\/www.vlaknapameti.cz\/wp-content\/uploads\/0551va.jpg 1200w\" sizes=\"auto, (max-width: 800px) 100vw, 800px\" \/><figcaption id=\"caption-attachment-1731\" class=\"wp-caption-text\">P\u00e1sov\u00e1 krajka (z olt\u00e1\u0159n\u00edho pl\u00e1tna), len, 26\u00d7164 cm, pali\u010dkovan\u00e1 krajka, 1920\u20131940, Holice, sb\u00edrka R. Martinka<\/figcaption><\/figure>\n<p><img loading=\"lazy\" decoding=\"async\" class=\"\" src=\"https:\/\/www.dvorakuvfestival.cz\/wp-content\/uploads\/2025\/03\/Home-DF-QHD-15-1024x576.jpg\" alt=\"Kostel sv. Jakuba V\u011bt\u0161\u00edho, leteck\u00fd z\u00e1b\u011br\" width=\"800\" height=\"450\" \/><\/p>\n<p>Zdroj fotografie kostela sv. Jakuba v Rybn\u00e9: https:\/\/www.dvorakuvfestival.cz\/koncert\/rybna-nz-3\/<\/p>\n<p>&nbsp;<\/p>\n","protected":false},"excerpt":{"rendered":"<p>Kostel sv. Jakuba V\u011bt\u0161\u00edho v Rybn\u00e9 nad Zdobnic\u00ed (polo\u017eka interaktivn\u00ed mapy s v\u00edcero reprodukcemi) Kostel sv. Jakuba V\u011bt\u0161\u00edho v\u00a0Rybn\u00e9 nad Zdobnic\u00ed (p\u016fvodn\u011b N\u011bmeck\u00e9 Rybn\u00e9) je \u0159\u00edmskokatolick\u00fd farn\u00ed kostel. Barokn\u00ed stavba &#8230;<\/p>\n","protected":false},"author":1,"featured_media":0,"parent":0,"menu_order":0,"comment_status":"closed","ping_status":"closed","template":"","meta":{"footnotes":""},"class_list":["post-2354","page","type-page","status-publish","hentry"],"_links":{"self":[{"href":"https:\/\/www.vlaknapameti.cz\/index.php?rest_route=\/wp\/v2\/pages\/2354","targetHints":{"allow":["GET"]}}],"collection":[{"href":"https:\/\/www.vlaknapameti.cz\/index.php?rest_route=\/wp\/v2\/pages"}],"about":[{"href":"https:\/\/www.vlaknapameti.cz\/index.php?rest_route=\/wp\/v2\/types\/page"}],"author":[{"embeddable":true,"href":"https:\/\/www.vlaknapameti.cz\/index.php?rest_route=\/wp\/v2\/users\/1"}],"replies":[{"embeddable":true,"href":"https:\/\/www.vlaknapameti.cz\/index.php?rest_route=%2Fwp%2Fv2%2Fcomments&post=2354"}],"version-history":[{"count":3,"href":"https:\/\/www.vlaknapameti.cz\/index.php?rest_route=\/wp\/v2\/pages\/2354\/revisions"}],"predecessor-version":[{"id":2734,"href":"https:\/\/www.vlaknapameti.cz\/index.php?rest_route=\/wp\/v2\/pages\/2354\/revisions\/2734"}],"wp:attachment":[{"href":"https:\/\/www.vlaknapameti.cz\/index.php?rest_route=%2Fwp%2Fv2%2Fmedia&parent=2354"}],"curies":[{"name":"wp","href":"https:\/\/api.w.org\/{rel}","templated":true}]}}