{"id":2352,"date":"2025-08-12T22:05:06","date_gmt":"2025-08-12T22:05:06","guid":{"rendered":"https:\/\/www.vlaknapameti.cz\/?page_id=2352"},"modified":"2025-09-12T19:22:11","modified_gmt":"2025-09-12T19:22:11","slug":"im_eva-pavlova","status":"publish","type":"page","link":"https:\/\/www.vlaknapameti.cz\/?page_id=2352","title":{"rendered":"IM: Eva Pavlov\u00e1"},"content":{"rendered":"<h2>Eva Pavlov\u00e1<\/h2>\n<p><em>(polo\u017eka interaktivn\u00ed mapy s v\u00edcero reprodukcemi)<\/em><\/p>\n<p>Eva Pavlov\u00e1 bydlela v\u00a0Kvasin\u00e1ch. Sv\u016fj obchod pali\u010dkovan\u00fdmi krajkami v\u0161ak provozovala ve Vamberku (\u010d.p. 369), kde si svoji \u017eivnost zalo\u017eila roku 1913.<\/p>\n<figure id=\"attachment_1720\" aria-describedby=\"caption-attachment-1720\" style=\"width: 800px\" class=\"wp-caption alignleft\"><img loading=\"lazy\" decoding=\"async\" class=\"size-large wp-image-1720\" src=\"https:\/\/www.vlaknapameti.cz\/wp-content\/uploads\/0529v-1024x684.jpg\" alt=\"Obchod pali\u010dkovan\u00fdmi krajkami atd.\" width=\"800\" height=\"534\" srcset=\"https:\/\/www.vlaknapameti.cz\/wp-content\/uploads\/0529v-1024x684.jpg 1024w, https:\/\/www.vlaknapameti.cz\/wp-content\/uploads\/0529v-300x200.jpg 300w, https:\/\/www.vlaknapameti.cz\/wp-content\/uploads\/0529v-768x513.jpg 768w, https:\/\/www.vlaknapameti.cz\/wp-content\/uploads\/0529v.jpg 1200w\" sizes=\"auto, (max-width: 800px) 100vw, 800px\" \/><figcaption id=\"caption-attachment-1720\" class=\"wp-caption-text\">Obchod pali\u010dkovan\u00fdmi krajkami atd.<\/figcaption><\/figure>\n<figure id=\"attachment_1721\" aria-describedby=\"caption-attachment-1721\" style=\"width: 800px\" class=\"wp-caption alignleft\"><img loading=\"lazy\" decoding=\"async\" class=\"size-large wp-image-1721\" src=\"https:\/\/www.vlaknapameti.cz\/wp-content\/uploads\/0529va-1024x683.jpg\" alt=\"Z\u00e1pis v matrice\" width=\"800\" height=\"534\" srcset=\"https:\/\/www.vlaknapameti.cz\/wp-content\/uploads\/0529va-1024x683.jpg 1024w, https:\/\/www.vlaknapameti.cz\/wp-content\/uploads\/0529va-300x200.jpg 300w, https:\/\/www.vlaknapameti.cz\/wp-content\/uploads\/0529va-768x512.jpg 768w, https:\/\/www.vlaknapameti.cz\/wp-content\/uploads\/0529va.jpg 1200w\" sizes=\"auto, (max-width: 800px) 100vw, 800px\" \/><figcaption id=\"caption-attachment-1721\" class=\"wp-caption-text\">Z\u00e1pis v matrice<\/figcaption><\/figure>\n","protected":false},"excerpt":{"rendered":"<p>Eva Pavlov\u00e1 (polo\u017eka interaktivn\u00ed mapy s v\u00edcero reprodukcemi) Eva Pavlov\u00e1 bydlela v\u00a0Kvasin\u00e1ch. Sv\u016fj obchod pali\u010dkovan\u00fdmi krajkami v\u0161ak provozovala ve Vamberku (\u010d.p. 369), kde si svoji \u017eivnost zalo\u017eila roku 1913.<\/p>\n","protected":false},"author":1,"featured_media":0,"parent":0,"menu_order":0,"comment_status":"closed","ping_status":"closed","template":"","meta":{"footnotes":""},"class_list":["post-2352","page","type-page","status-publish","hentry"],"_links":{"self":[{"href":"https:\/\/www.vlaknapameti.cz\/index.php?rest_route=\/wp\/v2\/pages\/2352","targetHints":{"allow":["GET"]}}],"collection":[{"href":"https:\/\/www.vlaknapameti.cz\/index.php?rest_route=\/wp\/v2\/pages"}],"about":[{"href":"https:\/\/www.vlaknapameti.cz\/index.php?rest_route=\/wp\/v2\/types\/page"}],"author":[{"embeddable":true,"href":"https:\/\/www.vlaknapameti.cz\/index.php?rest_route=\/wp\/v2\/users\/1"}],"replies":[{"embeddable":true,"href":"https:\/\/www.vlaknapameti.cz\/index.php?rest_route=%2Fwp%2Fv2%2Fcomments&post=2352"}],"version-history":[{"count":2,"href":"https:\/\/www.vlaknapameti.cz\/index.php?rest_route=\/wp\/v2\/pages\/2352\/revisions"}],"predecessor-version":[{"id":2730,"href":"https:\/\/www.vlaknapameti.cz\/index.php?rest_route=\/wp\/v2\/pages\/2352\/revisions\/2730"}],"wp:attachment":[{"href":"https:\/\/www.vlaknapameti.cz\/index.php?rest_route=%2Fwp%2Fv2%2Fmedia&parent=2352"}],"curies":[{"name":"wp","href":"https:\/\/api.w.org\/{rel}","templated":true}]}}