{"id":2348,"date":"2025-08-12T21:49:31","date_gmt":"2025-08-12T21:49:31","guid":{"rendered":"https:\/\/www.vlaknapameti.cz\/?page_id=2348"},"modified":"2025-09-12T19:22:01","modified_gmt":"2025-09-12T19:22:01","slug":"im_antonin-koblic","status":"publish","type":"page","link":"https:\/\/www.vlaknapameti.cz\/?page_id=2348","title":{"rendered":"IM: Anton\u00edn Koblic"},"content":{"rendered":"<h2>Anton\u00edn Koblic, V\u00fdroba krajek a z\u00e1clon ve Vamberku, Vamberk \u010d.p. 7<\/h2>\n<p><em>(polo\u017eka interaktivn\u00ed mapy s v\u00edcero reprodukcemi)<\/em><\/p>\n<p>Firma byla zalo\u017eena v roce 1867 jako obchod Josefa \u0160afr\u00e1nka, kter\u00fd se stal tch\u00e1nem Anton\u00edna Koblice (1881-1958). Firma m\u011bla s\u00eddlo na n\u00e1m\u011bst\u00ed ve Vamberku v \u010dp. 7. Od po\u010d\u00e1tku se zab\u00fdvala prodejem ru\u010dn\u011b pali\u010dkovan\u00fdch krajek, kter\u00e9 j\u00ed dod\u00e1valy krajk\u00e1\u0159ky z okol\u00ed. Od roku 1904 byl jedin\u00fdm majitel firmy Anton\u00edn Koblic. Od roku 1909 jsou dolo\u017eeny po\u010dty krajk\u00e1\u0159ek, kter\u00e9 pro firmu pracuj\u00ed (200 \u017een). V dal\u0161\u00edch letech mno\u017estv\u00ed krajk\u00e1\u0159ek stoup\u00e1, nap\u0159. v roce 1915 ji\u017e firma vykazuje 300 pracovn\u00edk\u016f a od roku 1927 dokonce 500 osob. Ti v\u0161ak nikdy nebyli jej\u00edmi zam\u011bstnanci, nebo\u0165 ofici\u00e1ln\u011b firma zam\u011bstn\u00e1vala jednu \u00fa\u010detn\u00ed s\u00edlu a dv\u011b prodava\u010dky v obchod\u011b ve Vamberku. Ve 30. letech 20. stol. firma z\u0159\u00eddila strojn\u00ed krajk\u00e1rnu (s 20 stroji) v Rychnov\u011b nad Kn\u011b\u017enou, o kterou organiza\u010dn\u011b pe\u010doval syn majitele. D\u00edky tomu se v sortimentu zbo\u017e\u00ed objevuj\u00ed strojn\u00ed v\u00fdrobky. Strojn\u00ed krajk\u00e1rna byla p\u0159em\u00edst\u011bna v roce 1950 do Vamberka, kde ji provozovalo dru\u017estvo Vambereck\u00e1 krajka Vamberk. Firma se \u00fa\u010dastnila mnoha v\u00fdstav v regionu i v zahrani\u010d\u00ed (nap\u0159. roku 1938 vystavovala na Mezin\u00e1rodn\u00ed \u0159emeslnick\u00e9 v\u00fdstav\u011b v Berl\u00edn\u011b) a obchodovala tak\u00e9 se zahrani\u010dn\u00edm zbo\u017e\u00edm. Prokazateln\u011b zprost\u0159edkovala prodej krajek nap\u0159. ze \u0161v\u00fdcarsk\u00e9ho St. Galenu. Obchodn\u00ed spojen\u00ed udr\u017eovala tak\u00e9 s Rakouskem a Ma\u010farskem. Firma zanikla v r\u00e1mci zn\u00e1rod\u0148ov\u00e1n\u00ed v roce 1951.<\/p>\n<figure id=\"attachment_1709\" aria-describedby=\"caption-attachment-1709\" style=\"width: 800px\" class=\"wp-caption alignleft\"><img loading=\"lazy\" decoding=\"async\" class=\"size-large wp-image-1709\" src=\"https:\/\/www.vlaknapameti.cz\/wp-content\/uploads\/0511v-1024x637.jpg\" alt=\"Obchod m\u00f3dn\u00edm zbo\u017e\u00edm a krajkami (vedlej\u0161\u00ed z\u00e1vod v\u00a0Brn\u011b, Pra\u017esk\u00e1 67, od 1935)\" width=\"800\" height=\"498\" srcset=\"https:\/\/www.vlaknapameti.cz\/wp-content\/uploads\/0511v-1024x637.jpg 1024w, https:\/\/www.vlaknapameti.cz\/wp-content\/uploads\/0511v-300x187.jpg 300w, https:\/\/www.vlaknapameti.cz\/wp-content\/uploads\/0511v-768x478.jpg 768w, https:\/\/www.vlaknapameti.cz\/wp-content\/uploads\/0511v-480x300.jpg 480w, https:\/\/www.vlaknapameti.cz\/wp-content\/uploads\/0511v.jpg 1200w\" sizes=\"auto, (max-width: 800px) 100vw, 800px\" \/><figcaption id=\"caption-attachment-1709\" class=\"wp-caption-text\">Obchod m\u00f3dn\u00edm zbo\u017e\u00edm a krajkami (vedlej\u0161\u00ed z\u00e1vod v\u00a0Brn\u011b, Pra\u017esk\u00e1 67, od 1935)<\/figcaption><\/figure>\n<figure id=\"attachment_1710\" aria-describedby=\"caption-attachment-1710\" style=\"width: 758px\" class=\"wp-caption alignleft\"><img loading=\"lazy\" decoding=\"async\" class=\"size-large wp-image-1710\" src=\"https:\/\/www.vlaknapameti.cz\/wp-content\/uploads\/0511va-758x1024.jpg\" alt=\"Inzer\u00e1t Ant. Koblic, Vamberk\" width=\"758\" height=\"1024\" srcset=\"https:\/\/www.vlaknapameti.cz\/wp-content\/uploads\/0511va-758x1024.jpg 758w, https:\/\/www.vlaknapameti.cz\/wp-content\/uploads\/0511va-222x300.jpg 222w, https:\/\/www.vlaknapameti.cz\/wp-content\/uploads\/0511va-768x1037.jpg 768w, https:\/\/www.vlaknapameti.cz\/wp-content\/uploads\/0511va-1137x1536.jpg 1137w, https:\/\/www.vlaknapameti.cz\/wp-content\/uploads\/0511va.jpg 1200w\" sizes=\"auto, (max-width: 758px) 100vw, 758px\" \/><figcaption id=\"caption-attachment-1710\" class=\"wp-caption-text\">Inzer\u00e1t Ant. Koblic, Vamberk<\/figcaption><\/figure>\n<figure id=\"attachment_1711\" aria-describedby=\"caption-attachment-1711\" style=\"width: 769px\" class=\"wp-caption alignleft\"><img loading=\"lazy\" decoding=\"async\" class=\"size-large wp-image-1711\" src=\"https:\/\/www.vlaknapameti.cz\/wp-content\/uploads\/0511vb-769x1024.jpg\" alt=\"Vzorn\u00edk Krajk\u00e1\u0159sk\u00e9ho z\u00e1vodu Anton\u00edn Koblic, Vamberk, 1. pol. 20. stol.\" width=\"769\" height=\"1024\" srcset=\"https:\/\/www.vlaknapameti.cz\/wp-content\/uploads\/0511vb-769x1024.jpg 769w, https:\/\/www.vlaknapameti.cz\/wp-content\/uploads\/0511vb-225x300.jpg 225w, https:\/\/www.vlaknapameti.cz\/wp-content\/uploads\/0511vb-768x1023.jpg 768w, https:\/\/www.vlaknapameti.cz\/wp-content\/uploads\/0511vb-1153x1536.jpg 1153w, https:\/\/www.vlaknapameti.cz\/wp-content\/uploads\/0511vb.jpg 1200w\" sizes=\"auto, (max-width: 769px) 100vw, 769px\" \/><figcaption id=\"caption-attachment-1711\" class=\"wp-caption-text\">Vzorn\u00edk Krajk\u00e1\u0159sk\u00e9ho z\u00e1vodu Anton\u00edn Koblic, Vamberk, 1. pol. 20. stol.<\/figcaption><\/figure>\n<figure id=\"attachment_2268\" aria-describedby=\"caption-attachment-2268\" style=\"width: 800px\" class=\"wp-caption alignleft\"><img loading=\"lazy\" decoding=\"async\" class=\"size-large wp-image-2268\" src=\"https:\/\/www.vlaknapameti.cz\/wp-content\/uploads\/0511vc-1024x801.jpg\" alt=\"P\u0159\u00edloha k \u00fav\u011brov\u00e9mu n\u00e1vrhu Anton\u00edna Koblice z roku 1922\" width=\"800\" height=\"626\" srcset=\"https:\/\/www.vlaknapameti.cz\/wp-content\/uploads\/0511vc-1024x801.jpg 1024w, https:\/\/www.vlaknapameti.cz\/wp-content\/uploads\/0511vc-300x235.jpg 300w, https:\/\/www.vlaknapameti.cz\/wp-content\/uploads\/0511vc-768x601.jpg 768w, https:\/\/www.vlaknapameti.cz\/wp-content\/uploads\/0511vc.jpg 1200w\" sizes=\"auto, (max-width: 800px) 100vw, 800px\" \/><figcaption id=\"caption-attachment-2268\" class=\"wp-caption-text\">P\u0159\u00edloha k \u00fav\u011brov\u00e9mu n\u00e1vrhu Anton\u00edna Koblice z roku 1922<\/figcaption><\/figure>\n<p>&nbsp;<\/p>\n<p>&nbsp;<\/p>\n","protected":false},"excerpt":{"rendered":"<p>Anton\u00edn Koblic, V\u00fdroba krajek a z\u00e1clon ve Vamberku, Vamberk \u010d.p. 7 (polo\u017eka interaktivn\u00ed mapy s v\u00edcero reprodukcemi) Firma byla zalo\u017eena v roce 1867 jako obchod Josefa \u0160afr\u00e1nka, kter\u00fd se stal &#8230;<\/p>\n","protected":false},"author":1,"featured_media":0,"parent":0,"menu_order":0,"comment_status":"closed","ping_status":"closed","template":"","meta":{"footnotes":""},"class_list":["post-2348","page","type-page","status-publish","hentry"],"_links":{"self":[{"href":"https:\/\/www.vlaknapameti.cz\/index.php?rest_route=\/wp\/v2\/pages\/2348","targetHints":{"allow":["GET"]}}],"collection":[{"href":"https:\/\/www.vlaknapameti.cz\/index.php?rest_route=\/wp\/v2\/pages"}],"about":[{"href":"https:\/\/www.vlaknapameti.cz\/index.php?rest_route=\/wp\/v2\/types\/page"}],"author":[{"embeddable":true,"href":"https:\/\/www.vlaknapameti.cz\/index.php?rest_route=\/wp\/v2\/users\/1"}],"replies":[{"embeddable":true,"href":"https:\/\/www.vlaknapameti.cz\/index.php?rest_route=%2Fwp%2Fv2%2Fcomments&post=2348"}],"version-history":[{"count":4,"href":"https:\/\/www.vlaknapameti.cz\/index.php?rest_route=\/wp\/v2\/pages\/2348\/revisions"}],"predecessor-version":[{"id":2729,"href":"https:\/\/www.vlaknapameti.cz\/index.php?rest_route=\/wp\/v2\/pages\/2348\/revisions\/2729"}],"wp:attachment":[{"href":"https:\/\/www.vlaknapameti.cz\/index.php?rest_route=%2Fwp%2Fv2%2Fmedia&parent=2348"}],"curies":[{"name":"wp","href":"https:\/\/api.w.org\/{rel}","templated":true}]}}