{"id":2346,"date":"2025-08-12T21:47:33","date_gmt":"2025-08-12T21:47:33","guid":{"rendered":"https:\/\/www.vlaknapameti.cz\/?page_id=2346"},"modified":"2025-09-12T19:26:00","modified_gmt":"2025-09-12T19:26:00","slug":"im_pavla-hanusova","status":"publish","type":"page","link":"https:\/\/www.vlaknapameti.cz\/?page_id=2346","title":{"rendered":"IM: Pavla Hanu\u0161ov\u00e1"},"content":{"rendered":"<h2>Pavla Hanu\u0161ov\u00e1<\/h2>\n<p><em>(polo\u017eka interaktivn\u00ed mapy s v\u00edcero reprodukcemi)<\/em><\/p>\n<p>Pavla Hanu\u0161ov\u00e1 obchodovala od roku 1918 s\u00a0krajkami ve Vamberku (\u010d. p. 52).<\/p>\n<figure id=\"attachment_1705\" aria-describedby=\"caption-attachment-1705\" style=\"width: 800px\" class=\"wp-caption alignleft\"><img loading=\"lazy\" decoding=\"async\" class=\"size-large wp-image-1705\" src=\"https:\/\/www.vlaknapameti.cz\/wp-content\/uploads\/0502v-1024x683.jpg\" alt=\"Obchod krajkami\" width=\"800\" height=\"534\" srcset=\"https:\/\/www.vlaknapameti.cz\/wp-content\/uploads\/0502v-1024x683.jpg 1024w, https:\/\/www.vlaknapameti.cz\/wp-content\/uploads\/0502v-300x200.jpg 300w, https:\/\/www.vlaknapameti.cz\/wp-content\/uploads\/0502v-768x512.jpg 768w, https:\/\/www.vlaknapameti.cz\/wp-content\/uploads\/0502v.jpg 1200w\" sizes=\"auto, (max-width: 800px) 100vw, 800px\" \/><figcaption id=\"caption-attachment-1705\" class=\"wp-caption-text\">Obchod krajkami<\/figcaption><\/figure>\n<p><img loading=\"lazy\" decoding=\"async\" class=\"alignleft size-large wp-image-1706\" src=\"https:\/\/www.vlaknapameti.cz\/wp-content\/uploads\/0502va-1024x684.jpg\" alt=\"S\u00eddlo Pavly Hanu\u0161ov\u00e9\" width=\"800\" height=\"534\" srcset=\"https:\/\/www.vlaknapameti.cz\/wp-content\/uploads\/0502va-1024x684.jpg 1024w, https:\/\/www.vlaknapameti.cz\/wp-content\/uploads\/0502va-300x201.jpg 300w, https:\/\/www.vlaknapameti.cz\/wp-content\/uploads\/0502va-768x513.jpg 768w, https:\/\/www.vlaknapameti.cz\/wp-content\/uploads\/0502va.jpg 1200w\" sizes=\"auto, (max-width: 800px) 100vw, 800px\" \/><\/p>\n","protected":false},"excerpt":{"rendered":"<p>Pavla Hanu\u0161ov\u00e1 (polo\u017eka interaktivn\u00ed mapy s v\u00edcero reprodukcemi) Pavla Hanu\u0161ov\u00e1 obchodovala od roku 1918 s\u00a0krajkami ve Vamberku (\u010d. p. 52).<\/p>\n","protected":false},"author":1,"featured_media":0,"parent":0,"menu_order":0,"comment_status":"closed","ping_status":"closed","template":"","meta":{"footnotes":""},"class_list":["post-2346","page","type-page","status-publish","hentry"],"_links":{"self":[{"href":"https:\/\/www.vlaknapameti.cz\/index.php?rest_route=\/wp\/v2\/pages\/2346","targetHints":{"allow":["GET"]}}],"collection":[{"href":"https:\/\/www.vlaknapameti.cz\/index.php?rest_route=\/wp\/v2\/pages"}],"about":[{"href":"https:\/\/www.vlaknapameti.cz\/index.php?rest_route=\/wp\/v2\/types\/page"}],"author":[{"embeddable":true,"href":"https:\/\/www.vlaknapameti.cz\/index.php?rest_route=\/wp\/v2\/users\/1"}],"replies":[{"embeddable":true,"href":"https:\/\/www.vlaknapameti.cz\/index.php?rest_route=%2Fwp%2Fv2%2Fcomments&post=2346"}],"version-history":[{"count":2,"href":"https:\/\/www.vlaknapameti.cz\/index.php?rest_route=\/wp\/v2\/pages\/2346\/revisions"}],"predecessor-version":[{"id":2749,"href":"https:\/\/www.vlaknapameti.cz\/index.php?rest_route=\/wp\/v2\/pages\/2346\/revisions\/2749"}],"wp:attachment":[{"href":"https:\/\/www.vlaknapameti.cz\/index.php?rest_route=%2Fwp%2Fv2%2Fmedia&parent=2346"}],"curies":[{"name":"wp","href":"https:\/\/api.w.org\/{rel}","templated":true}]}}