{"id":2344,"date":"2025-08-12T21:39:53","date_gmt":"2025-08-12T21:39:53","guid":{"rendered":"https:\/\/www.vlaknapameti.cz\/?page_id=2344"},"modified":"2025-09-12T19:26:29","modified_gmt":"2025-09-12T19:26:29","slug":"im_ruzena-slezingerova-zezulkova","status":"publish","type":"page","link":"https:\/\/www.vlaknapameti.cz\/?page_id=2344","title":{"rendered":"IM: R\u016f\u017eena \u0160lezingerov\u00e1 Zezulkov\u00e1"},"content":{"rendered":"<h2>R\u016f\u017eena \u0160lezingerov\u00e1 Zezulkov\u00e1<\/h2>\n<p><em>(polo\u017eka interaktivn\u00ed mapy s v\u00edcero reprodukcemi)<\/em><\/p>\n<p>R\u016f\u017eena \u0160lezingerov\u00e1 (1922) z Merklovic (\u010d.p. 4). Pali\u010dkovat se nau\u010dila od maminky jako \u0161kola\u010dka. Absolvovala krajk\u00e1\u0159sk\u00fd kurz. Um\u011bla pali\u010dkovat p\u00e1skovou i mnohop\u00e1rovou krajku.\u00a0Vzory pro pali\u010dkov\u00e1n\u00ed jim navrhovala Anna Kuncov\u00e1 (1911). Krajky pom\u00e1hala mamince pali\u010dkovat i \u201ena v\u00fdd\u011blek\u201c.<\/p>\n<figure id=\"attachment_1698\" aria-describedby=\"caption-attachment-1698\" style=\"width: 800px\" class=\"wp-caption alignleft\"><img loading=\"lazy\" decoding=\"async\" class=\"size-large wp-image-1698\" src=\"https:\/\/www.vlaknapameti.cz\/wp-content\/uploads\/0421v-875x1024.jpg\" alt=\"R\u016f\u017eena \u0160lezingerov\u00e1 Zezulkov\u00e1, 1938\" width=\"800\" height=\"936\" srcset=\"https:\/\/www.vlaknapameti.cz\/wp-content\/uploads\/0421v-875x1024.jpg 875w, https:\/\/www.vlaknapameti.cz\/wp-content\/uploads\/0421v-256x300.jpg 256w, https:\/\/www.vlaknapameti.cz\/wp-content\/uploads\/0421v-768x899.jpg 768w, https:\/\/www.vlaknapameti.cz\/wp-content\/uploads\/0421v.jpg 1200w\" sizes=\"auto, (max-width: 800px) 100vw, 800px\" \/><figcaption id=\"caption-attachment-1698\" class=\"wp-caption-text\">R\u016f\u017eena \u0160lezingerov\u00e1 Zezulkov\u00e1, 1938<\/figcaption><\/figure>\n<figure id=\"attachment_1699\" aria-describedby=\"caption-attachment-1699\" style=\"width: 800px\" class=\"wp-caption alignleft\"><img loading=\"lazy\" decoding=\"async\" class=\"size-large wp-image-1699\" src=\"https:\/\/www.vlaknapameti.cz\/wp-content\/uploads\/0421va-847x1024.jpg\" alt=\"R\u016f\u017eena \u0160lezingerov\u00e1 Zezulkov\u00e1, 1939\" width=\"800\" height=\"967\" srcset=\"https:\/\/www.vlaknapameti.cz\/wp-content\/uploads\/0421va-847x1024.jpg 847w, https:\/\/www.vlaknapameti.cz\/wp-content\/uploads\/0421va-248x300.jpg 248w, https:\/\/www.vlaknapameti.cz\/wp-content\/uploads\/0421va-768x928.jpg 768w, https:\/\/www.vlaknapameti.cz\/wp-content\/uploads\/0421va.jpg 1200w\" sizes=\"auto, (max-width: 800px) 100vw, 800px\" \/><figcaption id=\"caption-attachment-1699\" class=\"wp-caption-text\">R\u016f\u017eena \u0160lezingerov\u00e1 Zezulkov\u00e1, 1939<\/figcaption><\/figure>\n<p>&nbsp;<\/p>\n","protected":false},"excerpt":{"rendered":"<p>R\u016f\u017eena \u0160lezingerov\u00e1 Zezulkov\u00e1 (polo\u017eka interaktivn\u00ed mapy s v\u00edcero reprodukcemi) R\u016f\u017eena \u0160lezingerov\u00e1 (1922) z Merklovic (\u010d.p. 4). Pali\u010dkovat se nau\u010dila od maminky jako \u0161kola\u010dka. Absolvovala krajk\u00e1\u0159sk\u00fd kurz. Um\u011bla pali\u010dkovat p\u00e1skovou i &#8230;<\/p>\n","protected":false},"author":1,"featured_media":0,"parent":0,"menu_order":0,"comment_status":"closed","ping_status":"closed","template":"","meta":{"footnotes":""},"class_list":["post-2344","page","type-page","status-publish","hentry"],"_links":{"self":[{"href":"https:\/\/www.vlaknapameti.cz\/index.php?rest_route=\/wp\/v2\/pages\/2344","targetHints":{"allow":["GET"]}}],"collection":[{"href":"https:\/\/www.vlaknapameti.cz\/index.php?rest_route=\/wp\/v2\/pages"}],"about":[{"href":"https:\/\/www.vlaknapameti.cz\/index.php?rest_route=\/wp\/v2\/types\/page"}],"author":[{"embeddable":true,"href":"https:\/\/www.vlaknapameti.cz\/index.php?rest_route=\/wp\/v2\/users\/1"}],"replies":[{"embeddable":true,"href":"https:\/\/www.vlaknapameti.cz\/index.php?rest_route=%2Fwp%2Fv2%2Fcomments&post=2344"}],"version-history":[{"count":2,"href":"https:\/\/www.vlaknapameti.cz\/index.php?rest_route=\/wp\/v2\/pages\/2344\/revisions"}],"predecessor-version":[{"id":2752,"href":"https:\/\/www.vlaknapameti.cz\/index.php?rest_route=\/wp\/v2\/pages\/2344\/revisions\/2752"}],"wp:attachment":[{"href":"https:\/\/www.vlaknapameti.cz\/index.php?rest_route=%2Fwp%2Fv2%2Fmedia&parent=2344"}],"curies":[{"name":"wp","href":"https:\/\/api.w.org\/{rel}","templated":true}]}}