{"id":2340,"date":"2025-08-12T21:33:35","date_gmt":"2025-08-12T21:33:35","guid":{"rendered":"https:\/\/www.vlaknapameti.cz\/?page_id=2340"},"modified":"2025-09-12T19:24:40","modified_gmt":"2025-09-12T19:24:40","slug":"im_marie-poludova-holcova","status":"publish","type":"page","link":"https:\/\/www.vlaknapameti.cz\/?page_id=2340","title":{"rendered":"IM: Marie Poludov\u00e1"},"content":{"rendered":"<h2>Marie Poludov\u00e1<\/h2>\n<p><em>(polo\u017eka interaktivn\u00ed mapy s v\u00edcero reprodukcemi)<\/em><\/p>\n<p>Marie Poludov\u00e1 se narodila (1945) v Horn\u00ed Sloupnici. V letech 1959-1961 nav\u0161t\u011bvovala Krajk\u00e1\u0159skou \u0161kolu ve Vamberku, v letech 1962\u201366 studovala ve v\u00fdtvarn\u00e9m odd\u011blen\u00ed St\u0159edn\u00ed pr\u016fmyslov\u00e9 \u0161koly textiln\u00ed v Brn\u011b obor krajka-v\u00fd\u0161ivka. Na stejn\u00e9 \u0161kole absolvovala v letech 1967\u201369 postgradu\u00e1ln\u00ed studium oboru pletenina-krajka. Od roku 1966 a\u017e do roku 1986 p\u016fsobila jako n\u00e1vrh\u00e1\u0159ka ru\u010dn\u011b pali\u010dkovan\u00e9 krajky, pozd\u011bji jako v\u00fdtvarnice a n\u00e1sledn\u011b jako vedouc\u00ed v\u00fdvoje v dru\u017estvu Vambereck\u00e1 krajka ve Vamberku. V n\u00e1sleduj\u00edc\u00edch letech se v\u011bnovala autorsk\u00e9 krajk\u00e1\u0159sk\u00e9 tvorb\u011b. Marie Poludov\u00e1 pat\u0159\u00ed k p\u0159edn\u00edm krajk\u00e1\u0159k\u00e1m v\u00fdchodn\u00edch \u010cech. V jej\u00ed tvorb\u011b se prol\u00edn\u00e1 klasick\u00e9 zpracov\u00e1n\u00ed tradi\u010dn\u00ed krajky z Vamberecka s um\u011bleck\u00fdm zpracov\u00e1n\u00edm. Krom\u011b klasick\u00e9 p\u00e1skov\u00e9 krajky pou\u017e\u00edv\u00e1 tak\u00e9 techniku krajky st\u0159\u00edhan\u00e9, mnohop\u00e1rov\u00e9, kombinuje techniku p\u00e1skovou a st\u0159\u00edhanou. Nej\u010dast\u011bji vytv\u00e1\u0159\u00ed rostlinn\u00e9 i \u017eivo\u010di\u0161n\u00e9 p\u0159\u00edrodn\u00ed motivy (kv\u011btiny, stromy, pt\u00e1ky, mot\u00fdly), n\u011bkdy je dopl\u0148uje tak\u00e9 figurou. V\u011bnuje se zejm\u00e9na tvorb\u011b interi\u00e9rov\u00fdch krajek. Realizovala tak\u00e9 krajky pro ve\u0159ejn\u00e9 budovy, nap\u0159\u00edklad pro ob\u0159adn\u00ed s\u00ed\u0148 v \u017damberku. Od roku1985 vedla kurzy pali\u010dkovan\u00e9 krajky v DDM Animo (tehdy Dom\u011b pion\u00fdr\u016f) v \u017damberku, od roku 1990 ji vyu\u010dovala na Z\u00e1kladn\u00ed um\u011bleck\u00e9 \u0161kole Petra Ebena v \u017damberku. N\u011bkte\u0159\u00ed absolvovali prvn\u00ed p\u011btilet\u00fd cyklus a n\u011bkte\u0159\u00ed p\u0159idali i navazuj\u00edc\u00ed t\u0159\u00edlet\u00fd cyklus. N\u011bkolikr\u00e1t vystavovala v \u010cesk\u00e9 republice samostatn\u011b, \u0159ady kolektivn\u00edch v\u00fdstav v \u010cesk\u00e9 republice i v zahrani\u010d\u00ed, nap\u0159\u00edklad v Portugalsku, Slovinsku, N\u011bmecku, se z\u00fa\u010dastnila. Je sb\u011bratelkou v\u011bc\u00ed, kter\u00e9 s pali\u010dkovanou krajkou souvis\u00ed.<\/p>\n<figure id=\"attachment_1984\" aria-describedby=\"caption-attachment-1984\" style=\"width: 800px\" class=\"wp-caption alignleft\"><img loading=\"lazy\" decoding=\"async\" class=\"size-large wp-image-1984\" src=\"https:\/\/www.vlaknapameti.cz\/wp-content\/uploads\/0374v-1024x655.jpg\" alt=\"Vozataj \u2013 obrazov\u00e1 z\u00e1v\u011bsn\u00e1 krajka, 60. \u2013 70. l\u00e9ta 20. stolet\u00ed\" width=\"800\" height=\"512\" srcset=\"https:\/\/www.vlaknapameti.cz\/wp-content\/uploads\/0374v-1024x655.jpg 1024w, https:\/\/www.vlaknapameti.cz\/wp-content\/uploads\/0374v-300x192.jpg 300w, https:\/\/www.vlaknapameti.cz\/wp-content\/uploads\/0374v-768x492.jpg 768w, https:\/\/www.vlaknapameti.cz\/wp-content\/uploads\/0374v.jpg 1200w\" sizes=\"auto, (max-width: 800px) 100vw, 800px\" \/><figcaption id=\"caption-attachment-1984\" class=\"wp-caption-text\">Vozataj \u2013 obrazov\u00e1 z\u00e1v\u011bsn\u00e1 krajka, 60. \u2013 70. l\u00e9ta 20. stolet\u00ed<\/figcaption><\/figure>\n<figure id=\"attachment_1985\" aria-describedby=\"caption-attachment-1985\" style=\"width: 800px\" class=\"wp-caption alignleft\"><img loading=\"lazy\" decoding=\"async\" class=\"size-large wp-image-1985\" src=\"https:\/\/www.vlaknapameti.cz\/wp-content\/uploads\/0374va-1024x824.jpg\" alt=\"N\u00e1vrh obrazov\u00e9 pali\u010dkovan\u00e9 krajky, 60. \u2013 70. l\u00e9ta 20. stolet\u00ed\" width=\"800\" height=\"644\" srcset=\"https:\/\/www.vlaknapameti.cz\/wp-content\/uploads\/0374va-1024x824.jpg 1024w, https:\/\/www.vlaknapameti.cz\/wp-content\/uploads\/0374va-300x242.jpg 300w, https:\/\/www.vlaknapameti.cz\/wp-content\/uploads\/0374va-768x618.jpg 768w, https:\/\/www.vlaknapameti.cz\/wp-content\/uploads\/0374va.jpg 1200w\" sizes=\"auto, (max-width: 800px) 100vw, 800px\" \/><figcaption id=\"caption-attachment-1985\" class=\"wp-caption-text\">N\u00e1vrh obrazov\u00e9 pali\u010dkovan\u00e9 krajky, 60. \u2013 70. l\u00e9ta 20. stolet\u00ed<\/figcaption><\/figure>\n<figure id=\"attachment_1986\" aria-describedby=\"caption-attachment-1986\" style=\"width: 800px\" class=\"wp-caption alignleft\"><img loading=\"lazy\" decoding=\"async\" class=\"size-large wp-image-1986\" src=\"https:\/\/www.vlaknapameti.cz\/wp-content\/uploads\/0374vb-844x1024.jpg\" alt=\"Sv\u011btlotisk origin\u00e1ln\u00edho n\u00e1vrhu pali\u010dkovan\u00e9 krajky, tan\u010d\u00edc\u00ed d\u00edvka v lidov\u00e9m kroji, 60. l\u00e9ta 20. stolet\u00ed\" width=\"800\" height=\"971\" srcset=\"https:\/\/www.vlaknapameti.cz\/wp-content\/uploads\/0374vb-844x1024.jpg 844w, https:\/\/www.vlaknapameti.cz\/wp-content\/uploads\/0374vb-247x300.jpg 247w, https:\/\/www.vlaknapameti.cz\/wp-content\/uploads\/0374vb-768x932.jpg 768w, https:\/\/www.vlaknapameti.cz\/wp-content\/uploads\/0374vb.jpg 1200w\" sizes=\"auto, (max-width: 800px) 100vw, 800px\" \/><figcaption id=\"caption-attachment-1986\" class=\"wp-caption-text\">Sv\u011btlotisk origin\u00e1ln\u00edho n\u00e1vrhu pali\u010dkovan\u00e9 krajky, tan\u010d\u00edc\u00ed d\u00edvka v lidov\u00e9m kroji, 60. l\u00e9ta 20. stolet\u00ed<\/figcaption><\/figure>\n<figure id=\"attachment_1987\" aria-describedby=\"caption-attachment-1987\" style=\"width: 800px\" class=\"wp-caption alignleft\"><img loading=\"lazy\" decoding=\"async\" class=\"size-large wp-image-1987\" src=\"https:\/\/www.vlaknapameti.cz\/wp-content\/uploads\/0374vc-1024x994.jpg\" alt=\"Pali\u010dkovan\u00e1 vsadka, 1975 \" width=\"800\" height=\"777\" srcset=\"https:\/\/www.vlaknapameti.cz\/wp-content\/uploads\/0374vc-1024x994.jpg 1024w, https:\/\/www.vlaknapameti.cz\/wp-content\/uploads\/0374vc-300x291.jpg 300w, https:\/\/www.vlaknapameti.cz\/wp-content\/uploads\/0374vc-768x746.jpg 768w, https:\/\/www.vlaknapameti.cz\/wp-content\/uploads\/0374vc.jpg 1200w\" sizes=\"auto, (max-width: 800px) 100vw, 800px\" \/><figcaption id=\"caption-attachment-1987\" class=\"wp-caption-text\">Pali\u010dkovan\u00e1 vsadka, 1975<\/figcaption><\/figure>\n<figure id=\"attachment_2680\" aria-describedby=\"caption-attachment-2680\" style=\"width: 800px\" class=\"wp-caption alignleft\"><img loading=\"lazy\" decoding=\"async\" class=\"size-large wp-image-2680\" src=\"https:\/\/www.vlaknapameti.cz\/wp-content\/uploads\/0374vd-1024x863.jpg\" alt=\"L\u00edmec, pali\u010dkovan\u00e1 krajka, 1977\" width=\"800\" height=\"674\" srcset=\"https:\/\/www.vlaknapameti.cz\/wp-content\/uploads\/0374vd-1024x863.jpg 1024w, https:\/\/www.vlaknapameti.cz\/wp-content\/uploads\/0374vd-300x253.jpg 300w, https:\/\/www.vlaknapameti.cz\/wp-content\/uploads\/0374vd-768x647.jpg 768w, https:\/\/www.vlaknapameti.cz\/wp-content\/uploads\/0374vd.jpg 1200w\" sizes=\"auto, (max-width: 800px) 100vw, 800px\" \/><figcaption id=\"caption-attachment-2680\" class=\"wp-caption-text\">L\u00edmec, pali\u010dkovan\u00e1 krajka, 1977<\/figcaption><\/figure>\n<figure id=\"attachment_2681\" aria-describedby=\"caption-attachment-2681\" style=\"width: 800px\" class=\"wp-caption alignleft\"><img loading=\"lazy\" decoding=\"async\" class=\"size-large wp-image-2681\" src=\"https:\/\/www.vlaknapameti.cz\/wp-content\/uploads\/0374ve-1024x757.jpg\" alt=\"Prost\u00edr\u00e1n\u00ed, 92\u00d746 cm, 1976\" width=\"800\" height=\"591\" srcset=\"https:\/\/www.vlaknapameti.cz\/wp-content\/uploads\/0374ve-1024x757.jpg 1024w, https:\/\/www.vlaknapameti.cz\/wp-content\/uploads\/0374ve-300x222.jpg 300w, https:\/\/www.vlaknapameti.cz\/wp-content\/uploads\/0374ve-768x568.jpg 768w, https:\/\/www.vlaknapameti.cz\/wp-content\/uploads\/0374ve.jpg 1200w\" sizes=\"auto, (max-width: 800px) 100vw, 800px\" \/><figcaption id=\"caption-attachment-2681\" class=\"wp-caption-text\">Prost\u00edr\u00e1n\u00ed, 92\u00d746 cm, 1976<\/figcaption><\/figure>\n<p>&nbsp;<\/p>\n<p>&nbsp;<\/p>\n","protected":false},"excerpt":{"rendered":"<p>Marie Poludov\u00e1 (polo\u017eka interaktivn\u00ed mapy s v\u00edcero reprodukcemi) Marie Poludov\u00e1 se narodila (1945) v Horn\u00ed Sloupnici. V letech 1959-1961 nav\u0161t\u011bvovala Krajk\u00e1\u0159skou \u0161kolu ve Vamberku, v letech 1962\u201366 studovala ve v\u00fdtvarn\u00e9m &#8230;<\/p>\n","protected":false},"author":1,"featured_media":0,"parent":0,"menu_order":0,"comment_status":"closed","ping_status":"closed","template":"","meta":{"footnotes":""},"class_list":["post-2340","page","type-page","status-publish","hentry"],"_links":{"self":[{"href":"https:\/\/www.vlaknapameti.cz\/index.php?rest_route=\/wp\/v2\/pages\/2340","targetHints":{"allow":["GET"]}}],"collection":[{"href":"https:\/\/www.vlaknapameti.cz\/index.php?rest_route=\/wp\/v2\/pages"}],"about":[{"href":"https:\/\/www.vlaknapameti.cz\/index.php?rest_route=\/wp\/v2\/types\/page"}],"author":[{"embeddable":true,"href":"https:\/\/www.vlaknapameti.cz\/index.php?rest_route=\/wp\/v2\/users\/1"}],"replies":[{"embeddable":true,"href":"https:\/\/www.vlaknapameti.cz\/index.php?rest_route=%2Fwp%2Fv2%2Fcomments&post=2340"}],"version-history":[{"count":7,"href":"https:\/\/www.vlaknapameti.cz\/index.php?rest_route=\/wp\/v2\/pages\/2340\/revisions"}],"predecessor-version":[{"id":2742,"href":"https:\/\/www.vlaknapameti.cz\/index.php?rest_route=\/wp\/v2\/pages\/2340\/revisions\/2742"}],"wp:attachment":[{"href":"https:\/\/www.vlaknapameti.cz\/index.php?rest_route=%2Fwp%2Fv2%2Fmedia&parent=2340"}],"curies":[{"name":"wp","href":"https:\/\/api.w.org\/{rel}","templated":true}]}}