{"id":2337,"date":"2025-08-12T21:28:18","date_gmt":"2025-08-12T21:28:18","guid":{"rendered":"https:\/\/www.vlaknapameti.cz\/?page_id=2337"},"modified":"2025-09-12T19:22:50","modified_gmt":"2025-09-12T19:22:50","slug":"im_jaroslava-jedlinska-lenfeldova","status":"publish","type":"page","link":"https:\/\/www.vlaknapameti.cz\/?page_id=2337","title":{"rendered":"IM: Jaroslava Jedlinsk\u00e1"},"content":{"rendered":"<h2>Jaroslava Jedlinsk\u00e1<\/h2>\n<p><em>(polo\u017eka interaktivn\u00ed mapy s v\u00edcero reprodukcemi)<\/em><\/p>\n<p>Jaroslava Jedlinsk\u00e1 (1952) \u017eije v Merklovic\u00edch. Pali\u010dkovat ji nau\u010dily dv\u011b star\u0161\u00ed krajk\u00e1\u0159ky z Pekla nad Zdobnic\u00ed, odkud poch\u00e1z\u00ed. Od p\u00e1t\u00e9 t\u0159\u00eddy nav\u0161t\u011bvovala Krajk\u00e1\u0159skou \u0161kolu ve Vamberku. Po absolvov\u00e1n\u00ed zem\u011bd\u011blsk\u00e9 \u0161koly v Brn\u011b nastoupila jako krajk\u00e1\u0159ka do dru\u017estva Vambereck\u00e1 krajka Vamberk. Byla vybr\u00e1na pro pr\u00e1ci v odd\u011blen\u00ed v\u00fdvoje, kde se vytv\u00e1\u0159ely prvn\u00ed zku\u0161ebn\u00ed vzorky, nov\u00e9 kolekce krajek a na ka\u017edou krajku se tam stanovovaly normy. Podle t\u011bch pak pracovaly ostatn\u00ed krajk\u00e1\u0159ky v s\u00e9riov\u00e9 v\u00fdrob\u011b. Od kv\u011btna 1972 pracovala pod dru\u017estvem jako dom\u00e1c\u00ed krajk\u00e1\u0159ka. Pro pr\u00e1ci si doch\u00e1zela podle pokyn\u016f zam\u011bstnavatele, za t\u00fdden, deset, \u010dtrn\u00e1ct dn\u00ed. Dostala vzor, jemu odpov\u00eddaj\u00edc\u00ed mno\u017estv\u00ed materi\u00e1lu, stanoven\u00fd po\u010det normohodin a term\u00edn, do kdy mus\u00ed b\u00fdt pr\u00e1ce hotov\u00e1. Odpracovala v t\u00e9 dob\u011b obvykle 200 a v\u00edce normohodin m\u011bs\u00ed\u010dn\u011b V roce 1983 z\u00edskala na z\u00e1klad\u011b p\u0159edlo\u017een\u00fdch prac\u00ed titul Mistr lidov\u00e9 um\u011bleck\u00e9 v\u00fdroby. Nejv\u011bt\u0161\u00ed d\u00edlo, na n\u011bm\u017e se ve Vambereck\u00e9 krajce pod\u00edlela, byla velk\u00e1 obrazov\u00e1 krajka pro Rychnov nad Kn\u011b\u017enou. Obraz byl 4 m dlouh\u00fd a m\u011bl 1,65 m na v\u00fd\u0161ku a p\u0159edstavoval jakousi mapu rychnovsk\u00e9ho okresu, uvnit\u0159 byly vyzna\u010den\u00e9 stavby a z\u00e1mky \u2013 Rychnov, Opo\u010dno, Kostelec, Doudleby atd. Postrann\u00ed \u010d\u00e1sti p\u0159edstavovaly hory, horsk\u00e9 chaloupky, kv\u011btiny a zem\u011bd\u011blstv\u00ed. Kolem hranic okresu byla loga v\u00fdznamn\u00fdch podnik\u016f v okrese. Na t\u00e9to krajce pracovaly \u010dty\u0159i krajk\u00e1\u0159ky. Pozd\u011bji byla krajka um\u00edst\u011bna do ob\u0159adn\u00ed s\u00edn\u011b rychnovsk\u00e9ho z\u00e1mku. Ve Vambereck\u00e9 krajce p\u016fsobila do roku 1991, v n\u00e1sleduj\u00edc\u00edch letech pracovala na z\u00e1klad\u011b \u017eivnostensk\u00e9ho listu \u201eV\u00fdroba a prodej ru\u010dn\u011b pali\u010dkovan\u00e9 krajky\u201c. Jako jedna z m\u00e1la krajk\u00e1\u0159ek pali\u010dkuje na zak\u00e1zku tak\u00e9 tradi\u010dn\u00ed jemn\u00e9 vl\u00e1\u010dkov\u00e9 krajky, jejich\u017e vzory poch\u00e1zej\u00ed pr\u00e1v\u011b z Vamberecka, a dod\u00e1v\u00e1 je v\u00fdrobc\u016fm lidov\u00fdch kroj\u016f na Morav\u011b. V pr\u016fb\u011bhu let realizovala n\u00e1vrhy \u0159ady zn\u00e1m\u00fdch v\u00fdtvarnic \u2013 Evy Fialov\u00e9, Jany Novak (D\u00e1nsko), Vlasty Wasserbauerov\u00e9, Ji\u0159iny Pivo\u0148kov\u00e9, Hany Kozubov\u00e9, Jitky van Lindern (Belgie) a tak\u00e9 sv\u00fdch dcer Dany Mihulkov\u00e9 a Ireny Ring. Pro Ministerstvo vnitra \u010cR zhotovila ceny v podob\u011b krajek za inovaci ve ve\u0159ejn\u00e9 spr\u00e1v\u011b za rok 2013. Jej\u00ed dal\u0161\u00ed krajky vyu\u017e\u00edv\u00e1 Krajsk\u00fd \u00fa\u0159ad Kr\u00e1lov\u00e9hradeck\u00e9ho kraje jako reprezenta\u010dn\u00ed d\u00e1rky.<\/p>\n<figure id=\"attachment_1982\" aria-describedby=\"caption-attachment-1982\" style=\"width: 800px\" class=\"wp-caption alignleft\"><img loading=\"lazy\" decoding=\"async\" class=\"size-large wp-image-1982\" src=\"https:\/\/www.vlaknapameti.cz\/wp-content\/uploads\/0255v-1024x439.jpg\" alt=\"Mnohop\u00e1rov\u00e1 vl\u00e1\u010dkov\u00e1 krajka z b\u00edl\u00e9 jemn\u00e9 p\u0159\u00edze, 2023\" width=\"800\" height=\"343\" srcset=\"https:\/\/www.vlaknapameti.cz\/wp-content\/uploads\/0255v-1024x439.jpg 1024w, https:\/\/www.vlaknapameti.cz\/wp-content\/uploads\/0255v-300x129.jpg 300w, https:\/\/www.vlaknapameti.cz\/wp-content\/uploads\/0255v-768x329.jpg 768w, https:\/\/www.vlaknapameti.cz\/wp-content\/uploads\/0255v.jpg 1200w\" sizes=\"auto, (max-width: 800px) 100vw, 800px\" \/><figcaption id=\"caption-attachment-1982\" class=\"wp-caption-text\">Mnohop\u00e1rov\u00e1 vl\u00e1\u010dkov\u00e1 krajka z b\u00edl\u00e9 jemn\u00e9 p\u0159\u00edze, 2023<\/figcaption><\/figure>\n<p><img loading=\"lazy\" decoding=\"async\" class=\"alignleft size-large wp-image-1983\" src=\"https:\/\/www.vlaknapameti.cz\/wp-content\/uploads\/0255va-1024x241.jpg\" alt=\"Ru\u010dn\u011b pali\u010dkovan\u00e1 krajka tzv. smr\u0165ov\u00e1, 2024\" width=\"800\" height=\"188\" srcset=\"https:\/\/www.vlaknapameti.cz\/wp-content\/uploads\/0255va-1024x241.jpg 1024w, https:\/\/www.vlaknapameti.cz\/wp-content\/uploads\/0255va-300x71.jpg 300w, https:\/\/www.vlaknapameti.cz\/wp-content\/uploads\/0255va-768x180.jpg 768w, https:\/\/www.vlaknapameti.cz\/wp-content\/uploads\/0255va.jpg 1200w\" sizes=\"auto, (max-width: 800px) 100vw, 800px\" \/><\/p>\n<p>&nbsp;<\/p>\n","protected":false},"excerpt":{"rendered":"<p>Jaroslava Jedlinsk\u00e1 (polo\u017eka interaktivn\u00ed mapy s v\u00edcero reprodukcemi) Jaroslava Jedlinsk\u00e1 (1952) \u017eije v Merklovic\u00edch. Pali\u010dkovat ji nau\u010dily dv\u011b star\u0161\u00ed krajk\u00e1\u0159ky z Pekla nad Zdobnic\u00ed, odkud poch\u00e1z\u00ed. Od p\u00e1t\u00e9 t\u0159\u00eddy nav\u0161t\u011bvovala &#8230;<\/p>\n","protected":false},"author":1,"featured_media":0,"parent":0,"menu_order":0,"comment_status":"closed","ping_status":"closed","template":"","meta":{"footnotes":""},"class_list":["post-2337","page","type-page","status-publish","hentry"],"_links":{"self":[{"href":"https:\/\/www.vlaknapameti.cz\/index.php?rest_route=\/wp\/v2\/pages\/2337","targetHints":{"allow":["GET"]}}],"collection":[{"href":"https:\/\/www.vlaknapameti.cz\/index.php?rest_route=\/wp\/v2\/pages"}],"about":[{"href":"https:\/\/www.vlaknapameti.cz\/index.php?rest_route=\/wp\/v2\/types\/page"}],"author":[{"embeddable":true,"href":"https:\/\/www.vlaknapameti.cz\/index.php?rest_route=\/wp\/v2\/users\/1"}],"replies":[{"embeddable":true,"href":"https:\/\/www.vlaknapameti.cz\/index.php?rest_route=%2Fwp%2Fv2%2Fcomments&post=2337"}],"version-history":[{"count":4,"href":"https:\/\/www.vlaknapameti.cz\/index.php?rest_route=\/wp\/v2\/pages\/2337\/revisions"}],"predecessor-version":[{"id":2733,"href":"https:\/\/www.vlaknapameti.cz\/index.php?rest_route=\/wp\/v2\/pages\/2337\/revisions\/2733"}],"wp:attachment":[{"href":"https:\/\/www.vlaknapameti.cz\/index.php?rest_route=%2Fwp%2Fv2%2Fmedia&parent=2337"}],"curies":[{"name":"wp","href":"https:\/\/api.w.org\/{rel}","templated":true}]}}