{"id":2335,"date":"2025-08-12T20:38:44","date_gmt":"2025-08-12T20:38:44","guid":{"rendered":"https:\/\/www.vlaknapameti.cz\/?page_id=2335"},"modified":"2025-09-12T19:19:45","modified_gmt":"2025-09-12T19:19:45","slug":"im_anna-bockova-pavlistova","status":"publish","type":"page","link":"https:\/\/www.vlaknapameti.cz\/?page_id=2335","title":{"rendered":"IM: Anna Bo\u010dkov\u00e1 Pavli\u0161tov\u00e1"},"content":{"rendered":"<h2>Anna Bo\u010dkov\u00e1 Pavli\u0161tov\u00e1<\/h2>\n<p><em>(polo\u017eka interaktivn\u00ed mapy s v\u00edcero reprodukcemi)<\/em><\/p>\n<p>Anna Bo\u010dkov\u00e1 (1911) z Merklovic (\u010d.p. 105). Pali\u010dkovat ji nau\u010dila maminka. Do krajk\u00e1\u0159sk\u00e9ho kurzu chodila jenom \u010dtvrt roku. U\u017e jako d\u00edt\u011b pali\u010dkovala \u201ep\u0159ezn\u00e9 krajky metrov\u00e9\u201c. Pali\u010dkovat museli i jej\u00ed brat\u0159i. Krom\u011b tradi\u010dn\u00edch vzor\u016f pali\u010dkovala tak\u00e9 motivy z obraz\u016f m\u00edstn\u00edho mal\u00ed\u0159e, legion\u00e1\u0159e J.V. Teleck\u00e9ho (1897-1969).<\/p>\n<figure id=\"attachment_1979\" aria-describedby=\"caption-attachment-1979\" style=\"width: 800px\" class=\"wp-caption alignleft\"><img loading=\"lazy\" decoding=\"async\" class=\"size-large wp-image-1979\" src=\"https:\/\/www.vlaknapameti.cz\/wp-content\/uploads\/0165v-1024x1015.jpg\" alt=\"Pali\u010dkovan\u00e1 pokr\u00fdvka od autorky Anny Bo\u010dkov\u00e9 Pavli\u0161tov\u00e9, n\u00e1vrh: Vambereck\u00e1 krajka Vamberk\" width=\"800\" height=\"793\" srcset=\"https:\/\/www.vlaknapameti.cz\/wp-content\/uploads\/0165v-1024x1015.jpg 1024w, https:\/\/www.vlaknapameti.cz\/wp-content\/uploads\/0165v-300x297.jpg 300w, https:\/\/www.vlaknapameti.cz\/wp-content\/uploads\/0165v-150x150.jpg 150w, https:\/\/www.vlaknapameti.cz\/wp-content\/uploads\/0165v-768x761.jpg 768w, https:\/\/www.vlaknapameti.cz\/wp-content\/uploads\/0165v.jpg 1200w\" sizes=\"auto, (max-width: 800px) 100vw, 800px\" \/><figcaption id=\"caption-attachment-1979\" class=\"wp-caption-text\">Pali\u010dkovan\u00e1 pokr\u00fdvka, n\u00e1vrh: Vambereck\u00e1 krajka, Vamberk,\u00a0Muzeum krajky Vamberk<\/figcaption><\/figure>\n<figure id=\"attachment_1980\" aria-describedby=\"caption-attachment-1980\" style=\"width: 800px\" class=\"wp-caption alignleft\"><img loading=\"lazy\" decoding=\"async\" class=\"size-large wp-image-1980\" src=\"https:\/\/www.vlaknapameti.cz\/wp-content\/uploads\/0165va-1024x1018.jpg\" alt=\"Pali\u010dkovan\u00e1 bro\u017e, n\u00e1vrh: Vambereck\u00e1 krajka Vamberk,\u00a0Muzeum krajky Vamberk\" width=\"800\" height=\"795\" srcset=\"https:\/\/www.vlaknapameti.cz\/wp-content\/uploads\/0165va-1024x1018.jpg 1024w, https:\/\/www.vlaknapameti.cz\/wp-content\/uploads\/0165va-300x298.jpg 300w, https:\/\/www.vlaknapameti.cz\/wp-content\/uploads\/0165va-150x150.jpg 150w, https:\/\/www.vlaknapameti.cz\/wp-content\/uploads\/0165va-768x764.jpg 768w, https:\/\/www.vlaknapameti.cz\/wp-content\/uploads\/0165va.jpg 1200w\" sizes=\"auto, (max-width: 800px) 100vw, 800px\" \/><figcaption id=\"caption-attachment-1980\" class=\"wp-caption-text\">Pali\u010dkovan\u00e1 bro\u017e, n\u00e1vrh: Vambereck\u00e1 krajka Vamberk,\u00a0Muzeum krajky Vamberk<\/figcaption><\/figure>\n","protected":false},"excerpt":{"rendered":"<p>Anna Bo\u010dkov\u00e1 Pavli\u0161tov\u00e1 (polo\u017eka interaktivn\u00ed mapy s v\u00edcero reprodukcemi) Anna Bo\u010dkov\u00e1 (1911) z Merklovic (\u010d.p. 105). Pali\u010dkovat ji nau\u010dila maminka. Do krajk\u00e1\u0159sk\u00e9ho kurzu chodila jenom \u010dtvrt roku. U\u017e jako d\u00edt\u011b &#8230;<\/p>\n","protected":false},"author":1,"featured_media":0,"parent":0,"menu_order":0,"comment_status":"closed","ping_status":"closed","template":"","meta":{"footnotes":""},"class_list":["post-2335","page","type-page","status-publish","hentry"],"_links":{"self":[{"href":"https:\/\/www.vlaknapameti.cz\/index.php?rest_route=\/wp\/v2\/pages\/2335","targetHints":{"allow":["GET"]}}],"collection":[{"href":"https:\/\/www.vlaknapameti.cz\/index.php?rest_route=\/wp\/v2\/pages"}],"about":[{"href":"https:\/\/www.vlaknapameti.cz\/index.php?rest_route=\/wp\/v2\/types\/page"}],"author":[{"embeddable":true,"href":"https:\/\/www.vlaknapameti.cz\/index.php?rest_route=\/wp\/v2\/users\/1"}],"replies":[{"embeddable":true,"href":"https:\/\/www.vlaknapameti.cz\/index.php?rest_route=%2Fwp%2Fv2%2Fcomments&post=2335"}],"version-history":[{"count":3,"href":"https:\/\/www.vlaknapameti.cz\/index.php?rest_route=\/wp\/v2\/pages\/2335\/revisions"}],"predecessor-version":[{"id":2725,"href":"https:\/\/www.vlaknapameti.cz\/index.php?rest_route=\/wp\/v2\/pages\/2335\/revisions\/2725"}],"wp:attachment":[{"href":"https:\/\/www.vlaknapameti.cz\/index.php?rest_route=%2Fwp%2Fv2%2Fmedia&parent=2335"}],"curies":[{"name":"wp","href":"https:\/\/api.w.org\/{rel}","templated":true}]}}