{"id":2024,"date":"2025-07-20T10:08:33","date_gmt":"2025-07-20T10:08:33","guid":{"rendered":"https:\/\/www.vlaknapameti.cz\/?page_id=2024"},"modified":"2025-08-12T23:16:56","modified_gmt":"2025-08-12T23:16:56","slug":"im-kostel-vsech-svatych-v-sedlonove","status":"publish","type":"page","link":"https:\/\/www.vlaknapameti.cz\/?page_id=2024","title":{"rendered":"IM: Kostel V\u0161ech svat\u00fdch v Sedlo\u0148ov\u011b"},"content":{"rendered":"<h2>Kostel V\u0161ech svat\u00fdch v Sedlo\u0148ov\u011b<\/h2>\n<p><em style=\"font-size: 11pt; font-weight: normal;\">(polo\u017eka interaktivn\u00ed mapy s v\u00edcero reprodukcemi)<\/em><\/p>\n<p>Kostel V\u0161ech svat\u00fdch je \u0159\u00edmskokatolick\u00fd fili\u00e1ln\u00ed, b\u00fdval\u00fd farn\u00ed, kostel v obci Sedlo\u0148ov. Je chr\u00e1n\u011bn jako kulturn\u00ed pam\u00e1tka. P\u016fvodn\u00ed d\u0159ev\u011bn\u00fd kostel u potoka byl v letech 1709 a\u017e 1711 nahrazen barokn\u00ed stavbou na kopci od stavitele Ka\u0161para Klinkerta z Kladsk\u00e9 Byst\u0159ice.<\/p>\n<figure id=\"attachment_1735\" aria-describedby=\"caption-attachment-1735\" style=\"width: 800px\" class=\"wp-caption alignleft\"><img loading=\"lazy\" decoding=\"async\" class=\"size-large wp-image-1735\" src=\"https:\/\/www.vlaknapameti.cz\/wp-content\/uploads\/0554v-1024x403.jpg\" alt=\"P\u00e1sov\u00e1 krajka (fragment z olt\u00e1\u0159n\u00edho pl\u00e1tna), 1. polovina 20. stolet\u00ed\" width=\"800\" height=\"315\" srcset=\"https:\/\/www.vlaknapameti.cz\/wp-content\/uploads\/0554v-1024x403.jpg 1024w, https:\/\/www.vlaknapameti.cz\/wp-content\/uploads\/0554v-300x118.jpg 300w, https:\/\/www.vlaknapameti.cz\/wp-content\/uploads\/0554v-768x302.jpg 768w, https:\/\/www.vlaknapameti.cz\/wp-content\/uploads\/0554v.jpg 1200w\" sizes=\"auto, (max-width: 800px) 100vw, 800px\" \/><figcaption id=\"caption-attachment-1735\" class=\"wp-caption-text\">P\u00e1sov\u00e1 krajka (fragment z olt\u00e1\u0159n\u00edho pl\u00e1tna), len, 11 x 75 cm, pali\u010dkovan\u00e1 krajka, 1. polovina 20. stolet\u00ed, Holice, sb\u00edrka R. Martinka.<\/figcaption><\/figure>\n<figure id=\"attachment_1736\" aria-describedby=\"caption-attachment-1736\" style=\"width: 800px\" class=\"wp-caption alignleft\"><img loading=\"lazy\" decoding=\"async\" class=\"size-large wp-image-1736\" src=\"https:\/\/www.vlaknapameti.cz\/wp-content\/uploads\/0554va-1024x577.jpg\" alt=\"P\u00e1sov\u00e1 krajka (fragment z olt\u00e1\u0159n\u00edho pl\u00e1tna), 1. polovina 20. stolet\u00ed\" width=\"800\" height=\"451\" srcset=\"https:\/\/www.vlaknapameti.cz\/wp-content\/uploads\/0554va-1024x577.jpg 1024w, https:\/\/www.vlaknapameti.cz\/wp-content\/uploads\/0554va-300x169.jpg 300w, https:\/\/www.vlaknapameti.cz\/wp-content\/uploads\/0554va-768x433.jpg 768w, https:\/\/www.vlaknapameti.cz\/wp-content\/uploads\/0554va.jpg 1200w\" sizes=\"auto, (max-width: 800px) 100vw, 800px\" \/><figcaption id=\"caption-attachment-1736\" class=\"wp-caption-text\">P\u00e1sov\u00e1 krajka (fragment z olt\u00e1\u0159n\u00edho pl\u00e1tna), len, 11 x 75 cm, pali\u010dkovan\u00e1 krajka, 1. polovina 20. stolet\u00ed, Holice, sb\u00edrka R. Martinka.<\/figcaption><\/figure>\n<figure id=\"attachment_1737\" aria-describedby=\"caption-attachment-1737\" style=\"width: 800px\" class=\"wp-caption alignleft\"><img loading=\"lazy\" decoding=\"async\" class=\"size-large wp-image-1737\" src=\"https:\/\/www.vlaknapameti.cz\/wp-content\/uploads\/0554vb-1024x448.jpg\" alt=\"P\u00e1sov\u00e1 krajka (fragment z olt\u00e1\u0159n\u00edho pl\u00e1tna), 1. polovina 20. stolet\u00ed\" width=\"800\" height=\"350\" srcset=\"https:\/\/www.vlaknapameti.cz\/wp-content\/uploads\/0554vb-1024x448.jpg 1024w, https:\/\/www.vlaknapameti.cz\/wp-content\/uploads\/0554vb-300x131.jpg 300w, https:\/\/www.vlaknapameti.cz\/wp-content\/uploads\/0554vb-768x336.jpg 768w, https:\/\/www.vlaknapameti.cz\/wp-content\/uploads\/0554vb.jpg 1200w\" sizes=\"auto, (max-width: 800px) 100vw, 800px\" \/><figcaption id=\"caption-attachment-1737\" class=\"wp-caption-text\">P\u00e1sov\u00e1 krajka (fragment z olt\u00e1\u0159n\u00edho pl\u00e1tna), len, 26 x 70 cm, pali\u010dkovan\u00e1 krajka, 1. polovina 20. stolet\u00ed, Holice, sb\u00edrka R. Martinka.<\/figcaption><\/figure>\n<figure id=\"attachment_1737\" aria-describedby=\"caption-attachment-1737\" style=\"width: 800px\" class=\"wp-caption alignleft\"><img loading=\"lazy\" decoding=\"async\" class=\"size-large wp-image-1737\" src=\"https:\/\/www.sedlonov.cz\/images\/com_osgallery\/gal-3\/original\/kostel-079D698826-5B90-9FF4-7F51-7650599C8E16.jpg\" alt=\"Fotografie kostela v Sedlo\u0148ov\u011b ze str\u00e1nek obce.\" width=\"800\" height=\"600\" \/><figcaption id=\"caption-attachment-1737\" class=\"wp-caption-text\">Fotografie kostela V\u0161ech svat\u00fdch ze str\u00e1nek <a href=\"https:\/\/www.sedlonov.cz\/index.php\/pamatky\" target=\"_blank\" rel=\"noopener\">obce Sedlo\u0148ov<\/a>, autor fotografie neuveden.<\/figcaption><\/figure>\n<p>&nbsp;<\/p>\n","protected":false},"excerpt":{"rendered":"<p>Kostel V\u0161ech svat\u00fdch v Sedlo\u0148ov\u011b (polo\u017eka interaktivn\u00ed mapy s v\u00edcero reprodukcemi) Kostel V\u0161ech svat\u00fdch je \u0159\u00edmskokatolick\u00fd fili\u00e1ln\u00ed, b\u00fdval\u00fd farn\u00ed, kostel v obci Sedlo\u0148ov. Je chr\u00e1n\u011bn jako kulturn\u00ed pam\u00e1tka. P\u016fvodn\u00ed d\u0159ev\u011bn\u00fd &#8230;<\/p>\n","protected":false},"author":1,"featured_media":0,"parent":0,"menu_order":0,"comment_status":"closed","ping_status":"closed","template":"","meta":{"footnotes":""},"class_list":["post-2024","page","type-page","status-publish","hentry"],"_links":{"self":[{"href":"https:\/\/www.vlaknapameti.cz\/index.php?rest_route=\/wp\/v2\/pages\/2024","targetHints":{"allow":["GET"]}}],"collection":[{"href":"https:\/\/www.vlaknapameti.cz\/index.php?rest_route=\/wp\/v2\/pages"}],"about":[{"href":"https:\/\/www.vlaknapameti.cz\/index.php?rest_route=\/wp\/v2\/types\/page"}],"author":[{"embeddable":true,"href":"https:\/\/www.vlaknapameti.cz\/index.php?rest_route=\/wp\/v2\/users\/1"}],"replies":[{"embeddable":true,"href":"https:\/\/www.vlaknapameti.cz\/index.php?rest_route=%2Fwp%2Fv2%2Fcomments&post=2024"}],"version-history":[{"count":6,"href":"https:\/\/www.vlaknapameti.cz\/index.php?rest_route=\/wp\/v2\/pages\/2024\/revisions"}],"predecessor-version":[{"id":2362,"href":"https:\/\/www.vlaknapameti.cz\/index.php?rest_route=\/wp\/v2\/pages\/2024\/revisions\/2362"}],"wp:attachment":[{"href":"https:\/\/www.vlaknapameti.cz\/index.php?rest_route=%2Fwp%2Fv2%2Fmedia&parent=2024"}],"curies":[{"name":"wp","href":"https:\/\/api.w.org\/{rel}","templated":true}]}}