{"id":1424,"date":"2025-07-20T08:42:43","date_gmt":"2025-07-20T08:42:43","guid":{"rendered":"https:\/\/www.vlaknapameti.cz\/?page_id=1424"},"modified":"2025-08-12T23:22:38","modified_gmt":"2025-08-12T23:22:38","slug":"im-krajka-v-muzejnich-institucich","status":"publish","type":"page","link":"https:\/\/www.vlaknapameti.cz\/?page_id=1424","title":{"rendered":"IM: Vlastiv\u011bdn\u00e9 muzeum v Dobru\u0161ce"},"content":{"rendered":"<h1>Vlastiv\u011bdn\u00e9 muzeum v Dobru\u0161ce<\/h1>\n<p><em style=\"font-size: 11pt; font-weight: normal;\">(polo\u017eka interaktivn\u00ed mapy s v\u00edcero reprodukcemi)<\/em><\/p>\n<p>Vlastiv\u011bdn\u00e9 muzeum v Dobru\u0161ce bylo ve\u0159ejnosti otev\u0159eno roku 1931. Je region\u00e1ln\u00edm muzeem zam\u011b\u0159uj\u00edc\u00ed se na lok\u00e1ln\u00ed historii a m\u00edstopis Podorlicka (jeho severn\u00ed \u010d\u00e1sti podh\u016f\u0159\u00ed Orlick\u00fdch hor). Sb\u00edrkov\u00fd fond muzea p\u0159edstavuje na 11.000 polo\u017eek, dokumentuj\u00edc\u00edch v\u00fdvoj m\u011bsta a sp\u00e1dov\u00e9ho regionu. Jde zvl\u00e1\u0161t\u011b o sb\u00edrky charakteru etnografick\u00e9ho, historick\u00e9ho a um\u011bleck\u00e9ho. Mezi etnografick\u00fdmi sb\u00edrkami jsou zastoupeny v\u00fdznamn\u011b textilie, mezi nimi t\u00e9\u017e pali\u010dkovan\u00e9 krajky.<\/p>\n<figure id=\"attachment_1688\" aria-describedby=\"caption-attachment-1688\" style=\"width: 800px\" class=\"wp-caption alignleft\"><img loading=\"lazy\" decoding=\"async\" class=\"size-large wp-image-1688\" src=\"https:\/\/www.vlaknapameti.cz\/wp-content\/uploads\/0123v-1024x671.jpg\" alt=\"Krajkov\u00fd l\u00edmec\" width=\"800\" height=\"524\" srcset=\"https:\/\/www.vlaknapameti.cz\/wp-content\/uploads\/0123v-1024x671.jpg 1024w, https:\/\/www.vlaknapameti.cz\/wp-content\/uploads\/0123v-300x197.jpg 300w, https:\/\/www.vlaknapameti.cz\/wp-content\/uploads\/0123v-768x503.jpg 768w, https:\/\/www.vlaknapameti.cz\/wp-content\/uploads\/0123v.jpg 1200w\" sizes=\"auto, (max-width: 800px) 100vw, 800px\" \/><figcaption id=\"caption-attachment-1688\" class=\"wp-caption-text\">Krajkov\u00fd l\u00edmec \u0161it\u00fd ze strojov\u00e9 krajky, 5 d\u00edlk\u016f zpracov\u00e1no do p\u00e1sku z tylu.<\/figcaption><\/figure>\n<figure id=\"attachment_1689\" aria-describedby=\"caption-attachment-1689\" style=\"width: 800px\" class=\"wp-caption alignleft\"><img loading=\"lazy\" decoding=\"async\" class=\"size-large wp-image-1689\" src=\"https:\/\/www.vlaknapameti.cz\/wp-content\/uploads\/0123va-1024x695.jpg\" alt=\"\u017densk\u00fd krajkov\u00fd \u010depec\" width=\"800\" height=\"543\" srcset=\"https:\/\/www.vlaknapameti.cz\/wp-content\/uploads\/0123va-1024x695.jpg 1024w, https:\/\/www.vlaknapameti.cz\/wp-content\/uploads\/0123va-300x204.jpg 300w, https:\/\/www.vlaknapameti.cz\/wp-content\/uploads\/0123va-768x521.jpg 768w, https:\/\/www.vlaknapameti.cz\/wp-content\/uploads\/0123va.jpg 1200w\" sizes=\"auto, (max-width: 800px) 100vw, 800px\" \/><figcaption id=\"caption-attachment-1689\" class=\"wp-caption-text\">\u017densk\u00fd \u010depec, d\u00fdnko zdobeno kv\u011btinov\u00fdm vzorem z pozlacen\u00e9ho dracounu, flitr\u016f a b\u00edl\u00fdch kor\u00e1lk\u016f. Vp\u0159edu ob\u0161it pr\u00fdmka\u0159skou pozlacenou krajkou. Obvod zdoben pali\u010dkovanou krajkou. Vzadu p\u0159ipevn\u011bna hedv\u00e1bn\u00e1 fialov\u00e1 ma\u0161le.<\/figcaption><\/figure>\n<figure id=\"attachment_1690\" aria-describedby=\"caption-attachment-1690\" style=\"width: 800px\" class=\"wp-caption alignleft\"><img loading=\"lazy\" decoding=\"async\" class=\"size-large wp-image-1690\" src=\"https:\/\/www.vlaknapameti.cz\/wp-content\/uploads\/0123vb-1024x683.jpg\" alt=\"Souprava l\u00edmec + 2 lemy ruk\u00e1vu\" width=\"800\" height=\"534\" srcset=\"https:\/\/www.vlaknapameti.cz\/wp-content\/uploads\/0123vb-1024x683.jpg 1024w, https:\/\/www.vlaknapameti.cz\/wp-content\/uploads\/0123vb-300x200.jpg 300w, https:\/\/www.vlaknapameti.cz\/wp-content\/uploads\/0123vb-768x512.jpg 768w, https:\/\/www.vlaknapameti.cz\/wp-content\/uploads\/0123vb.jpg 1200w\" sizes=\"auto, (max-width: 800px) 100vw, 800px\" \/><figcaption id=\"caption-attachment-1690\" class=\"wp-caption-text\">Souprava l\u00edmec + 2 lemy ruk\u00e1vu. \u0160it\u00e1 krajka. Bavln\u011bn\u00e1 p\u0159\u00edze b\u00e9\u017eov\u00e9 barvy.<\/figcaption><\/figure>\n<figure id=\"attachment_1691\" aria-describedby=\"caption-attachment-1691\" style=\"width: 800px\" class=\"wp-caption alignleft\"><img loading=\"lazy\" decoding=\"async\" class=\"size-large wp-image-1691\" src=\"https:\/\/www.vlaknapameti.cz\/wp-content\/uploads\/0123vc-1024x683.jpg\" alt=\"Souprava l\u00edmec + 2 lemy ruk\u00e1vu\" width=\"800\" height=\"534\" srcset=\"https:\/\/www.vlaknapameti.cz\/wp-content\/uploads\/0123vc-1024x683.jpg 1024w, https:\/\/www.vlaknapameti.cz\/wp-content\/uploads\/0123vc-300x200.jpg 300w, https:\/\/www.vlaknapameti.cz\/wp-content\/uploads\/0123vc-768x512.jpg 768w, https:\/\/www.vlaknapameti.cz\/wp-content\/uploads\/0123vc.jpg 1200w\" sizes=\"auto, (max-width: 800px) 100vw, 800px\" \/><figcaption id=\"caption-attachment-1691\" class=\"wp-caption-text\">Souprava l\u00edmec + 2 lemy ruk\u00e1vu. \u0160it\u00e1 krajka. Bavln\u011bn\u00e1 p\u0159\u00edze b\u00e9\u017eov\u00e9 barvy.<\/figcaption><\/figure>\n<figure id=\"attachment_1692\" aria-describedby=\"caption-attachment-1692\" style=\"width: 800px\" class=\"wp-caption alignleft\"><img loading=\"lazy\" decoding=\"async\" class=\"size-large wp-image-1692\" src=\"https:\/\/www.vlaknapameti.cz\/wp-content\/uploads\/0123vd-1024x683.jpg\" alt=\"Souprava l\u00edmec + 2 lemy ruk\u00e1vu\" width=\"800\" height=\"534\" srcset=\"https:\/\/www.vlaknapameti.cz\/wp-content\/uploads\/0123vd-1024x683.jpg 1024w, https:\/\/www.vlaknapameti.cz\/wp-content\/uploads\/0123vd-300x200.jpg 300w, https:\/\/www.vlaknapameti.cz\/wp-content\/uploads\/0123vd-768x512.jpg 768w, https:\/\/www.vlaknapameti.cz\/wp-content\/uploads\/0123vd.jpg 1200w\" sizes=\"auto, (max-width: 800px) 100vw, 800px\" \/><figcaption id=\"caption-attachment-1692\" class=\"wp-caption-text\">Souprava l\u00edmec + 2 lemy ruk\u00e1vu. \u0160it\u00e1 krajka. Bavln\u011bn\u00e1 p\u0159\u00edze b\u00e9\u017eov\u00e9 barvy.<\/figcaption><\/figure>\n<figure id=\"attachment_1693\" aria-describedby=\"caption-attachment-1693\" style=\"width: 800px\" class=\"wp-caption alignleft\"><img loading=\"lazy\" decoding=\"async\" class=\"size-large wp-image-1693\" src=\"https:\/\/www.vlaknapameti.cz\/wp-content\/uploads\/0123ve-903x1024.jpg\" alt=\"Vzorn\u00edky pali\u010dkovan\u00e9 krajky od p. Milady Rambouskov\u00e9 (roz. Rybn\u00ed\u010dkov\u00e9)\" width=\"800\" height=\"907\" srcset=\"https:\/\/www.vlaknapameti.cz\/wp-content\/uploads\/0123ve-903x1024.jpg 903w, https:\/\/www.vlaknapameti.cz\/wp-content\/uploads\/0123ve-265x300.jpg 265w, https:\/\/www.vlaknapameti.cz\/wp-content\/uploads\/0123ve-768x871.jpg 768w, https:\/\/www.vlaknapameti.cz\/wp-content\/uploads\/0123ve.jpg 1200w\" sizes=\"auto, (max-width: 800px) 100vw, 800px\" \/><figcaption id=\"caption-attachment-1693\" class=\"wp-caption-text\">Vzorn\u00edky pali\u010dkovan\u00e9 krajky od p. Milady Rambouskov\u00e9 (roz. Rybn\u00ed\u010dkov\u00e9) z Prvn\u00ed m\u011bstsk\u00e9 odborn\u00e9 \u0161koly pro \u017eensk\u00e1 povol\u00e1n\u00ed v Brn\u011b. \u0160koln\u00ed rok 1940 &#8211; 1941. Celkem 17 arch\u016f.<\/figcaption><\/figure>\n<p><img loading=\"lazy\" decoding=\"async\" class=\"\" src=\"https:\/\/upload.wikimedia.org\/wikipedia\/commons\/thumb\/4\/48\/Muzeum_a_synagoga_v_Dobru%C5%A1ce.jpg\/1280px-Muzeum_a_synagoga_v_Dobru%C5%A1ce.jpg\" alt=\"Muzeum a synagoga v Dobru\u0161ce, foto: Petr1888\" width=\"800\" height=\"533\" \/><\/p>\n<p>Muzeum a synagoga v Dobru\u0161ce, foto: Petr1888<\/p>\n","protected":false},"excerpt":{"rendered":"<p>Vlastiv\u011bdn\u00e9 muzeum v Dobru\u0161ce (polo\u017eka interaktivn\u00ed mapy s v\u00edcero reprodukcemi) Vlastiv\u011bdn\u00e9 muzeum v Dobru\u0161ce bylo ve\u0159ejnosti otev\u0159eno roku 1931. Je region\u00e1ln\u00edm muzeem zam\u011b\u0159uj\u00edc\u00ed se na lok\u00e1ln\u00ed historii a m\u00edstopis Podorlicka &#8230;<\/p>\n","protected":false},"author":1,"featured_media":0,"parent":0,"menu_order":0,"comment_status":"closed","ping_status":"closed","template":"","meta":{"footnotes":""},"class_list":["post-1424","page","type-page","status-publish","hentry"],"_links":{"self":[{"href":"https:\/\/www.vlaknapameti.cz\/index.php?rest_route=\/wp\/v2\/pages\/1424","targetHints":{"allow":["GET"]}}],"collection":[{"href":"https:\/\/www.vlaknapameti.cz\/index.php?rest_route=\/wp\/v2\/pages"}],"about":[{"href":"https:\/\/www.vlaknapameti.cz\/index.php?rest_route=\/wp\/v2\/types\/page"}],"author":[{"embeddable":true,"href":"https:\/\/www.vlaknapameti.cz\/index.php?rest_route=\/wp\/v2\/users\/1"}],"replies":[{"embeddable":true,"href":"https:\/\/www.vlaknapameti.cz\/index.php?rest_route=%2Fwp%2Fv2%2Fcomments&post=1424"}],"version-history":[{"count":16,"href":"https:\/\/www.vlaknapameti.cz\/index.php?rest_route=\/wp\/v2\/pages\/1424\/revisions"}],"predecessor-version":[{"id":2363,"href":"https:\/\/www.vlaknapameti.cz\/index.php?rest_route=\/wp\/v2\/pages\/1424\/revisions\/2363"}],"wp:attachment":[{"href":"https:\/\/www.vlaknapameti.cz\/index.php?rest_route=%2Fwp%2Fv2%2Fmedia&parent=1424"}],"curies":[{"name":"wp","href":"https:\/\/api.w.org\/{rel}","templated":true}]}}